{"id":33914,"date":"2025-06-20T08:04:09","date_gmt":"2025-06-20T08:04:09","guid":{"rendered":"https:\/\/gangnambeaute.com\/?post_type=product&#038;p=33914"},"modified":"2026-04-11T02:53:15","modified_gmt":"2026-04-11T02:53:15","slug":"1025-dokdo-trial-kit","status":"publish","type":"product","link":"https:\/\/gangnambeaute.com\/ar\/product\/1025-dokdo-trial-kit\/","title":{"rendered":"ROUND LAB &#8211; 1025 Dokdo Trial Kit &#8211; 4 produits"},"content":{"rendered":"<p class=\"p1\">Ce kit est compos\u00e9 de 4 produits en format mini:<\/p>\n<ul class=\"ul1\">\n<li class=\"li1\">1025 DOKDO Cleanser 30mL: une mousse douce et cr\u00e9meuse qui \u00e9limine efficacement les r\u00e9sidus de maquillage, les impuret\u00e9s et les poussi\u00e8res fines<\/li>\n<li class=\"li1\">1025 DOKDO Toner 20mL: aide \u00e0 exfolier et \u00e0 hydrater la peau pour une peau saine<\/li>\n<li class=\"li1\">1025 Dokdo Ampoule 10mL: maintien l\u2019hydratation de la peau<\/li>\n<li class=\"li1\">1025 DOKDO Cream 20mL: hydrate et apaise la peau<\/li>\n<\/ul>","protected":false},"excerpt":{"rendered":"<p>Ce kit est compos\u00e9 de 4 produits en format mini: 1025 DOKDO Cleanser 30mL: une mousse douce et cr\u00e9meuse qui<\/p>","protected":false},"featured_media":41172,"comment_status":"open","ping_status":"closed","template":"","meta":[],"product_brand":[1024],"product_cat":[344,436,437],"product_tag":[],"class_list":{"0":"post-33914","1":"product","2":"type-product","3":"status-publish","4":"has-post-thumbnail","6":"product_brand-roundlab","7":"product_cat-skincare","8":"product_cat-kits-coffrets","9":"product_cat-kits-de-marques-officielles","11":"first","12":"outofstock","13":"sale","14":"shipping-taxable","15":"purchasable","16":"product-type-simple"},"_links":{"self":[{"href":"https:\/\/gangnambeaute.com\/ar\/wp-json\/wp\/v2\/product\/33914","targetHints":{"allow":["GET"]}}],"collection":[{"href":"https:\/\/gangnambeaute.com\/ar\/wp-json\/wp\/v2\/product"}],"about":[{"href":"https:\/\/gangnambeaute.com\/ar\/wp-json\/wp\/v2\/types\/product"}],"replies":[{"embeddable":true,"href":"https:\/\/gangnambeaute.com\/ar\/wp-json\/wp\/v2\/comments?post=33914"}],"version-history":[{"count":4,"href":"https:\/\/gangnambeaute.com\/ar\/wp-json\/wp\/v2\/product\/33914\/revisions"}],"predecessor-version":[{"id":35476,"href":"https:\/\/gangnambeaute.com\/ar\/wp-json\/wp\/v2\/product\/33914\/revisions\/35476"}],"wp:featuredmedia":[{"embeddable":true,"href":"https:\/\/gangnambeaute.com\/ar\/wp-json\/wp\/v2\/media\/41172"}],"wp:attachment":[{"href":"https:\/\/gangnambeaute.com\/ar\/wp-json\/wp\/v2\/media?parent=33914"}],"wp:term":[{"taxonomy":"product_brand","embeddable":true,"href":"https:\/\/gangnambeaute.com\/ar\/wp-json\/wp\/v2\/product_brand?post=33914"},{"taxonomy":"product_cat","embeddable":true,"href":"https:\/\/gangnambeaute.com\/ar\/wp-json\/wp\/v2\/product_cat?post=33914"},{"taxonomy":"product_tag","embeddable":true,"href":"https:\/\/gangnambeaute.com\/ar\/wp-json\/wp\/v2\/product_tag?post=33914"}],"curies":[{"name":"wp","href":"https:\/\/api.w.org\/{rel}","templated":true}]}}