{"id":33892,"date":"2025-06-19T19:04:18","date_gmt":"2025-06-19T19:04:18","guid":{"rendered":"https:\/\/gangnambeaute.com\/?post_type=product&#038;p=33892"},"modified":"2026-04-11T02:53:13","modified_gmt":"2026-04-11T02:53:13","slug":"secret-key_snow-white-milky-lotion","status":"publish","type":"product","link":"https:\/\/gangnambeaute.com\/ar\/product\/secret-key_snow-white-milky-lotion\/","title":{"rendered":"Secret Key &#8211; Snow White Milky Lotion &#8211; 120g"},"content":{"rendered":"<div class=\"Y3BBE\" data-sfc-cp=\"\" data-sfc-cb=\"\" data-hveid=\"CAEIARAA\" data-complete=\"true\" data-processed=\"true\"><strong>Cette lotion hydrate la peau tout en offrant un\u00a0effet blanchissant et unifiant imm\u00e9diat gr\u00e2ce \u00e0 la niacinamide.<\/strong><\/div>","protected":false},"excerpt":{"rendered":"<div class=\"Y3BBE\" data-sfc-cp=\"\" data-sfc-cb=\"\" data-hveid=\"CAEIAhAA\" data-processed=\"true\" data-complete=\"true\"><strong>Appliquez une petite quantit\u00e9 sur une peau propre et\u00a0tapotez doucement jusqu\u2019\u00e0 absorption compl\u00e8te.<\/strong><\/div>","protected":false},"featured_media":41161,"comment_status":"open","ping_status":"closed","template":"","meta":[],"product_brand":[1023],"product_cat":[415,423],"product_tag":[],"class_list":{"0":"post-33892","1":"product","2":"type-product","3":"status-publish","4":"has-post-thumbnail","6":"product_brand-secret-key","7":"product_cat-soins-du-corps","8":"product_cat-hydratant-et-lotion-pour-le-corps","10":"first","11":"instock","12":"sale","13":"shipping-taxable","14":"purchasable","15":"product-type-simple"},"_links":{"self":[{"href":"https:\/\/gangnambeaute.com\/ar\/wp-json\/wp\/v2\/product\/33892","targetHints":{"allow":["GET"]}}],"collection":[{"href":"https:\/\/gangnambeaute.com\/ar\/wp-json\/wp\/v2\/product"}],"about":[{"href":"https:\/\/gangnambeaute.com\/ar\/wp-json\/wp\/v2\/types\/product"}],"replies":[{"embeddable":true,"href":"https:\/\/gangnambeaute.com\/ar\/wp-json\/wp\/v2\/comments?post=33892"}],"version-history":[{"count":8,"href":"https:\/\/gangnambeaute.com\/ar\/wp-json\/wp\/v2\/product\/33892\/revisions"}],"predecessor-version":[{"id":43351,"href":"https:\/\/gangnambeaute.com\/ar\/wp-json\/wp\/v2\/product\/33892\/revisions\/43351"}],"wp:featuredmedia":[{"embeddable":true,"href":"https:\/\/gangnambeaute.com\/ar\/wp-json\/wp\/v2\/media\/41161"}],"wp:attachment":[{"href":"https:\/\/gangnambeaute.com\/ar\/wp-json\/wp\/v2\/media?parent=33892"}],"wp:term":[{"taxonomy":"product_brand","embeddable":true,"href":"https:\/\/gangnambeaute.com\/ar\/wp-json\/wp\/v2\/product_brand?post=33892"},{"taxonomy":"product_cat","embeddable":true,"href":"https:\/\/gangnambeaute.com\/ar\/wp-json\/wp\/v2\/product_cat?post=33892"},{"taxonomy":"product_tag","embeddable":true,"href":"https:\/\/gangnambeaute.com\/ar\/wp-json\/wp\/v2\/product_tag?post=33892"}],"curies":[{"name":"wp","href":"https:\/\/api.w.org\/{rel}","templated":true}]}}