{"id":33868,"date":"2025-06-19T18:32:41","date_gmt":"2025-06-19T18:32:41","guid":{"rendered":"https:\/\/gangnambeaute.com\/?post_type=product&#038;p=33868"},"modified":"2026-04-11T02:53:12","modified_gmt":"2026-04-11T02:53:12","slug":"skin1004-madagascar-centella-quick-calming-pad","status":"publish","type":"product","link":"https:\/\/gangnambeaute.com\/ar\/product\/skin1004-madagascar-centella-quick-calming-pad\/","title":{"rendered":"SKIN1004 &#8211; Madagascar Centella Quick Calming Pad &#8211; 70 pads"},"content":{"rendered":"<div class=\"Y3BBE\" data-sfc-cp=\"\" data-sfc-cb=\"\" data-hveid=\"CAEIARAA\" data-processed=\"true\" data-complete=\"true\"><strong>Ces disques servent \u00e0\u00a0apaiser instantan\u00e9ment les peaux \u00e9chauff\u00e9es et \u00e0 r\u00e9duire les rougeurs gr\u00e2ce \u00e0 une triple concentration de Centella Asiatica.<\/strong><\/div>","protected":false},"excerpt":{"rendered":"<div class=\"Y3BBE\" data-sfc-cp=\"\" data-sfc-cb=\"\" data-hveid=\"CAEIAhAA\" data-complete=\"true\" data-processed=\"true\"><strong>Appliquez un disque sur votre\u00a0visage propre\u00a0ou laissez-le poser 3 \u00e0 5 minutes sur les zones irrit\u00e9es comme un mini-masque.<span class=\"uJ19be notranslate\" data-wiz-uids=\"qP1Jpf_i,qP1Jpf_j\" data-sfc-cb=\"\" data-complete=\"true\" data-processed=\"true\"><span class=\"vKEkVd\" data-animation-atomic=\"\" data-wiz-attrbind=\"class=qP1Jpf_h\/TKHnVd\" data-sae=\"\"><span aria-hidden=\"true\">\u00a0<\/span><\/span><\/span><\/strong><\/div>","protected":false},"featured_media":41150,"comment_status":"open","ping_status":"closed","template":"","meta":[],"product_brand":[1046],"product_cat":[344,351,375,429,430,435],"product_tag":[],"class_list":{"0":"post-33868","1":"product","2":"type-product","3":"status-publish","4":"has-post-thumbnail","6":"product_brand-skin-1004-populare","7":"product_cat-skincare","8":"product_cat-pads","9":"product_cat-toner-pads","10":"product_cat-soldes","11":"product_cat-promotions","12":"product_cat-retour-en-stock","14":"first","15":"instock","16":"sale","17":"shipping-taxable","18":"purchasable","19":"product-type-simple"},"_links":{"self":[{"href":"https:\/\/gangnambeaute.com\/ar\/wp-json\/wp\/v2\/product\/33868","targetHints":{"allow":["GET"]}}],"collection":[{"href":"https:\/\/gangnambeaute.com\/ar\/wp-json\/wp\/v2\/product"}],"about":[{"href":"https:\/\/gangnambeaute.com\/ar\/wp-json\/wp\/v2\/types\/product"}],"replies":[{"embeddable":true,"href":"https:\/\/gangnambeaute.com\/ar\/wp-json\/wp\/v2\/comments?post=33868"}],"version-history":[{"count":5,"href":"https:\/\/gangnambeaute.com\/ar\/wp-json\/wp\/v2\/product\/33868\/revisions"}],"predecessor-version":[{"id":43691,"href":"https:\/\/gangnambeaute.com\/ar\/wp-json\/wp\/v2\/product\/33868\/revisions\/43691"}],"wp:featuredmedia":[{"embeddable":true,"href":"https:\/\/gangnambeaute.com\/ar\/wp-json\/wp\/v2\/media\/41150"}],"wp:attachment":[{"href":"https:\/\/gangnambeaute.com\/ar\/wp-json\/wp\/v2\/media?parent=33868"}],"wp:term":[{"taxonomy":"product_brand","embeddable":true,"href":"https:\/\/gangnambeaute.com\/ar\/wp-json\/wp\/v2\/product_brand?post=33868"},{"taxonomy":"product_cat","embeddable":true,"href":"https:\/\/gangnambeaute.com\/ar\/wp-json\/wp\/v2\/product_cat?post=33868"},{"taxonomy":"product_tag","embeddable":true,"href":"https:\/\/gangnambeaute.com\/ar\/wp-json\/wp\/v2\/product_tag?post=33868"}],"curies":[{"name":"wp","href":"https:\/\/api.w.org\/{rel}","templated":true}]}}