{"id":33761,"date":"2025-06-19T15:28:05","date_gmt":"2025-06-19T15:28:05","guid":{"rendered":"https:\/\/gangnambeaute.com\/?post_type=product&#038;p=33761"},"modified":"2026-04-11T02:53:07","modified_gmt":"2026-04-11T02:53:07","slug":"dark-spot-correcting-glow-serum","status":"publish","type":"product","link":"https:\/\/gangnambeaute.com\/ar\/product\/dark-spot-correcting-glow-serum\/","title":{"rendered":"AXIS &#8211; Y &#8211; Dark Spot Correcting Glow Serum &#8211; S\u00e9rum &#8211; 50ml"},"content":{"rendered":"<p><strong>Ce s\u00e9rum sert \u00e0\u00a0estomper les taches brunes et \u00e0 illuminer le teint gr\u00e2ce \u00e0 5 % de niacinamide et \u00e0 l&rsquo;extrait de papaye.<\/strong><\/p>","protected":false},"excerpt":{"rendered":"<p><strong>Appliquez une petite quantit\u00e9 sur votre\u00a0visage propre ou localement sur les zones hyperpigment\u00e9es, puis tapotez doucement.<\/strong><\/p>","protected":false},"featured_media":43908,"comment_status":"open","ping_status":"closed","template":"","meta":[],"product_brand":[1056],"product_cat":[344,348,368,432,435],"product_tag":[],"class_list":{"0":"post-33761","1":"product","2":"type-product","3":"status-publish","4":"has-post-thumbnail","6":"product_brand-axis-y-populare","7":"product_cat-skincare","8":"product_cat-soin-concentre","9":"product_cat-serums","10":"product_cat-meilleurs-ventes","11":"product_cat-retour-en-stock","13":"first","14":"outofstock","15":"sale","16":"shipping-taxable","17":"purchasable","18":"product-type-simple"},"_links":{"self":[{"href":"https:\/\/gangnambeaute.com\/ar\/wp-json\/wp\/v2\/product\/33761","targetHints":{"allow":["GET"]}}],"collection":[{"href":"https:\/\/gangnambeaute.com\/ar\/wp-json\/wp\/v2\/product"}],"about":[{"href":"https:\/\/gangnambeaute.com\/ar\/wp-json\/wp\/v2\/types\/product"}],"replies":[{"embeddable":true,"href":"https:\/\/gangnambeaute.com\/ar\/wp-json\/wp\/v2\/comments?post=33761"}],"version-history":[{"count":7,"href":"https:\/\/gangnambeaute.com\/ar\/wp-json\/wp\/v2\/product\/33761\/revisions"}],"predecessor-version":[{"id":43903,"href":"https:\/\/gangnambeaute.com\/ar\/wp-json\/wp\/v2\/product\/33761\/revisions\/43903"}],"wp:featuredmedia":[{"embeddable":true,"href":"https:\/\/gangnambeaute.com\/ar\/wp-json\/wp\/v2\/media\/43908"}],"wp:attachment":[{"href":"https:\/\/gangnambeaute.com\/ar\/wp-json\/wp\/v2\/media?parent=33761"}],"wp:term":[{"taxonomy":"product_brand","embeddable":true,"href":"https:\/\/gangnambeaute.com\/ar\/wp-json\/wp\/v2\/product_brand?post=33761"},{"taxonomy":"product_cat","embeddable":true,"href":"https:\/\/gangnambeaute.com\/ar\/wp-json\/wp\/v2\/product_cat?post=33761"},{"taxonomy":"product_tag","embeddable":true,"href":"https:\/\/gangnambeaute.com\/ar\/wp-json\/wp\/v2\/product_tag?post=33761"}],"curies":[{"name":"wp","href":"https:\/\/api.w.org\/{rel}","templated":true}]}}