{"id":33742,"date":"2025-06-19T15:20:11","date_gmt":"2025-06-19T15:20:11","guid":{"rendered":"https:\/\/gangnambeaute.com\/?post_type=product&#038;p=33742"},"modified":"2026-04-11T02:53:07","modified_gmt":"2026-04-11T02:53:07","slug":"anua-niacinamide-10-txa-4-serum","status":"publish","type":"product","link":"https:\/\/gangnambeaute.com\/ar\/product\/anua-niacinamide-10-txa-4-serum\/","title":{"rendered":"Anua &#8211; Niacinamide 10% + TXA 4% Serum &#8211; S\u00e9rum 30ml"},"content":{"rendered":"<p>&nbsp;<\/p>\n<p><strong>Ce s\u00e9rum sert \u00e0\u00a0estomper les taches brunes et \u00e0 unifier le teint gr\u00e2ce \u00e0 l&rsquo;action combin\u00e9e de 10 % de niacinamide et 4 % d&rsquo;acide tranexamique.<\/strong><\/p>","protected":false},"excerpt":{"rendered":"<div class=\"Y3BBE\" data-sfc-cp=\"\" data-sfc-cb=\"\" data-hveid=\"CAEIAhAA\" data-complete=\"true\" data-processed=\"true\"><strong>Appliquez 2 \u00e0 3 gouttes sur votre\u00a0visage propre et tapotez doucement, en insistant sur les zones hyperpigment\u00e9es, avant votre cr\u00e8me.<\/strong><\/div>","protected":false},"featured_media":41124,"comment_status":"open","ping_status":"closed","template":"","meta":[],"product_brand":[1055],"product_cat":[344,348,368,429,430,433,435],"product_tag":[],"class_list":{"0":"post-33742","1":"product","2":"type-product","3":"status-publish","4":"has-post-thumbnail","6":"product_brand-anua-populare","7":"product_cat-skincare","8":"product_cat-soin-concentre","9":"product_cat-serums","10":"product_cat-soldes","11":"product_cat-promotions","12":"product_cat-promotion-dete","13":"product_cat-retour-en-stock","15":"first","16":"outofstock","17":"sale","18":"shipping-taxable","19":"purchasable","20":"product-type-simple"},"_links":{"self":[{"href":"https:\/\/gangnambeaute.com\/ar\/wp-json\/wp\/v2\/product\/33742","targetHints":{"allow":["GET"]}}],"collection":[{"href":"https:\/\/gangnambeaute.com\/ar\/wp-json\/wp\/v2\/product"}],"about":[{"href":"https:\/\/gangnambeaute.com\/ar\/wp-json\/wp\/v2\/types\/product"}],"replies":[{"embeddable":true,"href":"https:\/\/gangnambeaute.com\/ar\/wp-json\/wp\/v2\/comments?post=33742"}],"version-history":[{"count":7,"href":"https:\/\/gangnambeaute.com\/ar\/wp-json\/wp\/v2\/product\/33742\/revisions"}],"predecessor-version":[{"id":43897,"href":"https:\/\/gangnambeaute.com\/ar\/wp-json\/wp\/v2\/product\/33742\/revisions\/43897"}],"wp:featuredmedia":[{"embeddable":true,"href":"https:\/\/gangnambeaute.com\/ar\/wp-json\/wp\/v2\/media\/41124"}],"wp:attachment":[{"href":"https:\/\/gangnambeaute.com\/ar\/wp-json\/wp\/v2\/media?parent=33742"}],"wp:term":[{"taxonomy":"product_brand","embeddable":true,"href":"https:\/\/gangnambeaute.com\/ar\/wp-json\/wp\/v2\/product_brand?post=33742"},{"taxonomy":"product_cat","embeddable":true,"href":"https:\/\/gangnambeaute.com\/ar\/wp-json\/wp\/v2\/product_cat?post=33742"},{"taxonomy":"product_tag","embeddable":true,"href":"https:\/\/gangnambeaute.com\/ar\/wp-json\/wp\/v2\/product_tag?post=33742"}],"curies":[{"name":"wp","href":"https:\/\/api.w.org\/{rel}","templated":true}]}}