{"id":33178,"date":"2025-06-17T23:00:09","date_gmt":"2025-06-17T23:00:09","guid":{"rendered":"https:\/\/gangnambeaute.com\/?post_type=product&#038;p=33178"},"modified":"2026-05-03T13:43:26","modified_gmt":"2026-05-03T13:43:26","slug":"skin-1004-madagascar-centella-tone-brightening-capsule-ampoule-ampoule-copie","status":"publish","type":"product","link":"https:\/\/gangnambeaute.com\/ar\/product\/skin-1004-madagascar-centella-tone-brightening-capsule-ampoule-ampoule-copie\/","title":{"rendered":"SKIN1004 &#8211; Madagascar Centella Tone Brightening Capsule Ampoule &#8211; 100m"},"content":{"rendered":"<div class=\"Y3BBE\" data-sfc-cp=\"\" data-hveid=\"CAEIAhAA\" data-complete=\"true\" data-processed=\"true\" aria-owns=\"action-menu-parent-container\"><strong>Ce s\u00e9rum 2-en-1 hydrate et illumine la peau gr\u00e2ce au complexe brevet\u00e9\u00a0MadeWhite\u2122\u00a0(Centella Asiatica et Niacinamide). Ses extraits de\u00a0fruits (papaye et pomme)\u00a0exfolient en douceur pour un teint unifi\u00e9, une peau souple et apais\u00e9e.<\/strong><\/div>\n<p>&nbsp;<\/p>","protected":false},"excerpt":{"rendered":"<div class=\"Y3BBE\" data-sfc-cp=\"\" data-sfc-root=\"c\" data-sfc-cb=\"\" data-hveid=\"CAEIARAA\" data-processed=\"true\" data-complete=\"true\"><strong>Appliquez le\u00a0s\u00e9rum capillaire\u00a0directement sur le cuir chevelu sec ou humide en massant avec l&#8217;embout sans rincer, et l&rsquo;ampoule visage en tapotant quelques gouttes sur une peau nettoy\u00e9e avant votre cr\u00e8me hydratante.<\/strong><\/div>","protected":false},"featured_media":44135,"comment_status":"open","ping_status":"closed","template":"","meta":[],"product_brand":[1046],"product_cat":[344,348,369],"product_tag":[585],"class_list":{"0":"post-33178","1":"product","2":"type-product","3":"status-publish","4":"has-post-thumbnail","6":"product_brand-skin-1004-populare","7":"product_cat-skincare","8":"product_cat-soin-concentre","9":"product_cat-ampoules","10":"product_tag-mv-home","12":"first","13":"instock","14":"sale","15":"shipping-taxable","16":"purchasable","17":"product-type-simple"},"_links":{"self":[{"href":"https:\/\/gangnambeaute.com\/ar\/wp-json\/wp\/v2\/product\/33178","targetHints":{"allow":["GET"]}}],"collection":[{"href":"https:\/\/gangnambeaute.com\/ar\/wp-json\/wp\/v2\/product"}],"about":[{"href":"https:\/\/gangnambeaute.com\/ar\/wp-json\/wp\/v2\/types\/product"}],"replies":[{"embeddable":true,"href":"https:\/\/gangnambeaute.com\/ar\/wp-json\/wp\/v2\/comments?post=33178"}],"version-history":[{"count":10,"href":"https:\/\/gangnambeaute.com\/ar\/wp-json\/wp\/v2\/product\/33178\/revisions"}],"predecessor-version":[{"id":44221,"href":"https:\/\/gangnambeaute.com\/ar\/wp-json\/wp\/v2\/product\/33178\/revisions\/44221"}],"wp:featuredmedia":[{"embeddable":true,"href":"https:\/\/gangnambeaute.com\/ar\/wp-json\/wp\/v2\/media\/44135"}],"wp:attachment":[{"href":"https:\/\/gangnambeaute.com\/ar\/wp-json\/wp\/v2\/media?parent=33178"}],"wp:term":[{"taxonomy":"product_brand","embeddable":true,"href":"https:\/\/gangnambeaute.com\/ar\/wp-json\/wp\/v2\/product_brand?post=33178"},{"taxonomy":"product_cat","embeddable":true,"href":"https:\/\/gangnambeaute.com\/ar\/wp-json\/wp\/v2\/product_cat?post=33178"},{"taxonomy":"product_tag","embeddable":true,"href":"https:\/\/gangnambeaute.com\/ar\/wp-json\/wp\/v2\/product_tag?post=33178"}],"curies":[{"name":"wp","href":"https:\/\/api.w.org\/{rel}","templated":true}]}}