{"id":33110,"date":"2025-06-16T03:34:21","date_gmt":"2025-06-16T03:34:21","guid":{"rendered":"https:\/\/gangnambeaute.com\/?post_type=product&#038;p=33110"},"modified":"2026-04-11T12:18:23","modified_gmt":"2026-04-11T12:18:23","slug":"etude-dear-darling-water-tint-7-couleurs-2","status":"publish","type":"product","link":"https:\/\/gangnambeaute.com\/ar\/product\/etude-dear-darling-water-tint-7-couleurs-2\/","title":{"rendered":"ETUDE &#8211; Dear Darling Water Tint &#8211; 7 couleurs"},"content":{"rendered":"<p><strong>Cette encre \u00e0 l\u00e8vres sert \u00e0\u00a0colorer instantan\u00e9ment les l\u00e8vres avec un fini frais et longue tenue gr\u00e2ce \u00e0 sa texture aqueuse ultra-l\u00e9g\u00e8re.<\/strong><\/p>","protected":false},"excerpt":{"rendered":"<div class=\"Y3BBE\" data-sfc-cp=\"\" data-sfc-cb=\"\" data-hveid=\"CAEIAhAA\" data-complete=\"true\" data-processed=\"true\"><strong>Appliquez quelques touches au centre de vos\u00a0l\u00e8vres propres, puis estompez rapidement avec le doigt pour un effet d\u00e9grad\u00e9 naturel.<span class=\"uJ19be notranslate\" data-wiz-uids=\"PTfaAc_j,PTfaAc_k\" data-sfc-cb=\"\" data-complete=\"true\" data-processed=\"true\"><span class=\"vKEkVd\" data-animation-atomic=\"\" data-wiz-attrbind=\"class=PTfaAc_i\/TKHnVd\" data-sae=\"\"><span aria-hidden=\"true\">\u00a0<\/span><\/span><\/span><\/strong><\/div>","protected":false},"featured_media":42584,"comment_status":"open","ping_status":"closed","template":"","meta":[],"product_brand":[1052],"product_cat":[388,389,391,395,406,432],"product_tag":[],"class_list":{"0":"post-33110","1":"product","2":"type-product","3":"status-publish","4":"has-post-thumbnail","6":"product_brand-etude-populare","7":"product_cat-maquillage","8":"product_cat-visage","9":"product_cat-levres","10":"product_cat-blush","11":"product_cat-rouges-a-levres","12":"product_cat-meilleurs-ventes","14":"first","15":"instock","16":"sale","17":"shipping-taxable","18":"purchasable","19":"product-type-variable"},"_links":{"self":[{"href":"https:\/\/gangnambeaute.com\/ar\/wp-json\/wp\/v2\/product\/33110","targetHints":{"allow":["GET"]}}],"collection":[{"href":"https:\/\/gangnambeaute.com\/ar\/wp-json\/wp\/v2\/product"}],"about":[{"href":"https:\/\/gangnambeaute.com\/ar\/wp-json\/wp\/v2\/types\/product"}],"replies":[{"embeddable":true,"href":"https:\/\/gangnambeaute.com\/ar\/wp-json\/wp\/v2\/comments?post=33110"}],"version-history":[{"count":4,"href":"https:\/\/gangnambeaute.com\/ar\/wp-json\/wp\/v2\/product\/33110\/revisions"}],"predecessor-version":[{"id":43753,"href":"https:\/\/gangnambeaute.com\/ar\/wp-json\/wp\/v2\/product\/33110\/revisions\/43753"}],"wp:featuredmedia":[{"embeddable":true,"href":"https:\/\/gangnambeaute.com\/ar\/wp-json\/wp\/v2\/media\/42584"}],"wp:attachment":[{"href":"https:\/\/gangnambeaute.com\/ar\/wp-json\/wp\/v2\/media?parent=33110"}],"wp:term":[{"taxonomy":"product_brand","embeddable":true,"href":"https:\/\/gangnambeaute.com\/ar\/wp-json\/wp\/v2\/product_brand?post=33110"},{"taxonomy":"product_cat","embeddable":true,"href":"https:\/\/gangnambeaute.com\/ar\/wp-json\/wp\/v2\/product_cat?post=33110"},{"taxonomy":"product_tag","embeddable":true,"href":"https:\/\/gangnambeaute.com\/ar\/wp-json\/wp\/v2\/product_tag?post=33110"}],"curies":[{"name":"wp","href":"https:\/\/api.w.org\/{rel}","templated":true}]}}