{"id":30578,"date":"2025-05-11T01:38:53","date_gmt":"2025-05-11T01:38:53","guid":{"rendered":"https:\/\/darkturquoise-squirrel-824428.hostingersite.com\/product\/macadamia-hair-serum-white-musk\/"},"modified":"2026-04-11T02:52:51","modified_gmt":"2026-04-11T02:52:51","slug":"macadamia-hair-serum-white-musk","status":"publish","type":"product","link":"https:\/\/gangnambeaute.com\/ar\/product\/macadamia-hair-serum-white-musk\/","title":{"rendered":"KUNDAL &#8211; MACADAMIA HAIR SERUM 100ml- 3 Parfums"},"content":{"rendered":"<p><strong>Ce s\u00e9rum sert \u00e0\u00a0nourrir les pointes et \u00e0 apporter une brillance instantan\u00e9e sans fini collant gr\u00e2ce aux huiles de macadamia et de jojoba.<\/strong><\/p>","protected":false},"excerpt":{"rendered":"<div class=\"Y3BBE\" data-sfc-cp=\"\" data-sfc-cb=\"\" data-hveid=\"CAEIAhAA\" data-complete=\"true\" data-processed=\"true\"><strong>Appliquez une petite dose sur vos\u00a0cheveux secs ou humides\u00a0(longueurs et pointes), puis coiffez comme d&rsquo;habitude.<span class=\"uJ19be notranslate\" data-wiz-uids=\"U1nQLc_j,U1nQLc_k\" data-sfc-cb=\"\" data-complete=\"true\" data-processed=\"true\"><span class=\"vKEkVd\" data-animation-atomic=\"\" data-wiz-attrbind=\"class=U1nQLc_i\/TKHnVd\" data-sae=\"\"><span aria-hidden=\"true\">\u00a0<\/span><\/span><\/span><\/strong><\/div>","protected":false},"featured_media":41106,"comment_status":"open","ping_status":"closed","template":"","meta":[],"product_brand":[1051],"product_cat":[413,414,419,432,435],"product_tag":[],"class_list":{"0":"post-30578","1":"product","2":"type-product","3":"status-publish","4":"has-post-thumbnail","6":"product_brand-kundal-populare","7":"product_cat-cheveux-corps","8":"product_cat-soins-des-cheveux","9":"product_cat-traitements-capillaires","10":"product_cat-meilleurs-ventes","11":"product_cat-retour-en-stock","13":"first","14":"instock","15":"sale","16":"shipping-taxable","17":"purchasable","18":"product-type-simple"},"_links":{"self":[{"href":"https:\/\/gangnambeaute.com\/ar\/wp-json\/wp\/v2\/product\/30578","targetHints":{"allow":["GET"]}}],"collection":[{"href":"https:\/\/gangnambeaute.com\/ar\/wp-json\/wp\/v2\/product"}],"about":[{"href":"https:\/\/gangnambeaute.com\/ar\/wp-json\/wp\/v2\/types\/product"}],"replies":[{"embeddable":true,"href":"https:\/\/gangnambeaute.com\/ar\/wp-json\/wp\/v2\/comments?post=30578"}],"version-history":[{"count":6,"href":"https:\/\/gangnambeaute.com\/ar\/wp-json\/wp\/v2\/product\/30578\/revisions"}],"predecessor-version":[{"id":43806,"href":"https:\/\/gangnambeaute.com\/ar\/wp-json\/wp\/v2\/product\/30578\/revisions\/43806"}],"wp:featuredmedia":[{"embeddable":true,"href":"https:\/\/gangnambeaute.com\/ar\/wp-json\/wp\/v2\/media\/41106"}],"wp:attachment":[{"href":"https:\/\/gangnambeaute.com\/ar\/wp-json\/wp\/v2\/media?parent=30578"}],"wp:term":[{"taxonomy":"product_brand","embeddable":true,"href":"https:\/\/gangnambeaute.com\/ar\/wp-json\/wp\/v2\/product_brand?post=30578"},{"taxonomy":"product_cat","embeddable":true,"href":"https:\/\/gangnambeaute.com\/ar\/wp-json\/wp\/v2\/product_cat?post=30578"},{"taxonomy":"product_tag","embeddable":true,"href":"https:\/\/gangnambeaute.com\/ar\/wp-json\/wp\/v2\/product_tag?post=30578"}],"curies":[{"name":"wp","href":"https:\/\/api.w.org\/{rel}","templated":true}]}}