{"id":30567,"date":"2025-05-11T01:38:52","date_gmt":"2025-05-11T01:38:52","guid":{"rendered":"https:\/\/darkturquoise-squirrel-824428.hostingersite.com\/product\/honey-macadamia-protein-treatment-500ml-english-rose\/"},"modified":"2026-04-11T02:53:09","modified_gmt":"2026-04-11T02:53:09","slug":"honey-macadamia-protein-treatment-500ml-english-rose","status":"publish","type":"product","link":"https:\/\/gangnambeaute.com\/ar\/product\/honey-macadamia-protein-treatment-500ml-english-rose\/","title":{"rendered":"KUNDAL &#8211; HONEY &#038; MACADAMIA PROTEIN TREATMENT &#8211; 500 ml"},"content":{"rendered":"<p><strong>Ce soin sert \u00e0\u00a0r\u00e9parer les cheveux ab\u00eem\u00e9s et \u00e0 renforcer la fibre capillaire gr\u00e2ce aux prot\u00e9ines de soie et aux extraits de mielaire.<\/strong><\/p>","protected":false},"excerpt":{"rendered":"<div class=\"Y3BBE\" data-sfc-cp=\"\" data-sfc-cb=\"\" data-hveid=\"CAEIAhAA\" data-complete=\"true\" data-processed=\"true\"><strong>Appliquez une quantit\u00e9 g\u00e9n\u00e9reuse sur vos\u00a0cheveux humides\u00a0apr\u00e8s le shampooing, laissez poser 3 \u00e0 5 minutes, puis rincez abondamment.<span class=\"uJ19be notranslate\" data-wiz-uids=\"hu9TW_j,hu9TW_k\" data-sfc-cb=\"\" data-complete=\"true\" data-processed=\"true\"><span class=\"vKEkVd\" data-animation-atomic=\"\" data-wiz-attrbind=\"class=hu9TW_i\/TKHnVd\" data-sae=\"\"><span aria-hidden=\"true\">\u00a0<\/span><\/span><\/span><\/strong><\/div>","protected":false},"featured_media":43812,"comment_status":"open","ping_status":"closed","template":"","meta":[],"product_brand":[1051],"product_cat":[413,414,418],"product_tag":[],"class_list":{"0":"post-30567","1":"product","2":"type-product","3":"status-publish","4":"has-post-thumbnail","6":"product_brand-kundal-populare","7":"product_cat-cheveux-corps","8":"product_cat-soins-des-cheveux","9":"product_cat-shampooing-et-apres-shampooing","11":"first","12":"outofstock","13":"sale","14":"shipping-taxable","15":"purchasable","16":"product-type-variable"},"_links":{"self":[{"href":"https:\/\/gangnambeaute.com\/ar\/wp-json\/wp\/v2\/product\/30567","targetHints":{"allow":["GET"]}}],"collection":[{"href":"https:\/\/gangnambeaute.com\/ar\/wp-json\/wp\/v2\/product"}],"about":[{"href":"https:\/\/gangnambeaute.com\/ar\/wp-json\/wp\/v2\/types\/product"}],"replies":[{"embeddable":true,"href":"https:\/\/gangnambeaute.com\/ar\/wp-json\/wp\/v2\/comments?post=30567"}],"version-history":[{"count":8,"href":"https:\/\/gangnambeaute.com\/ar\/wp-json\/wp\/v2\/product\/30567\/revisions"}],"predecessor-version":[{"id":43813,"href":"https:\/\/gangnambeaute.com\/ar\/wp-json\/wp\/v2\/product\/30567\/revisions\/43813"}],"wp:featuredmedia":[{"embeddable":true,"href":"https:\/\/gangnambeaute.com\/ar\/wp-json\/wp\/v2\/media\/43812"}],"wp:attachment":[{"href":"https:\/\/gangnambeaute.com\/ar\/wp-json\/wp\/v2\/media?parent=30567"}],"wp:term":[{"taxonomy":"product_brand","embeddable":true,"href":"https:\/\/gangnambeaute.com\/ar\/wp-json\/wp\/v2\/product_brand?post=30567"},{"taxonomy":"product_cat","embeddable":true,"href":"https:\/\/gangnambeaute.com\/ar\/wp-json\/wp\/v2\/product_cat?post=30567"},{"taxonomy":"product_tag","embeddable":true,"href":"https:\/\/gangnambeaute.com\/ar\/wp-json\/wp\/v2\/product_tag?post=30567"}],"curies":[{"name":"wp","href":"https:\/\/api.w.org\/{rel}","templated":true}]}}