{"id":30548,"date":"2025-05-11T01:25:47","date_gmt":"2025-05-11T01:25:47","guid":{"rendered":"https:\/\/darkturquoise-squirrel-824428.hostingersite.com\/product\/skin1004-protection-solaire-madagascar-centella-hyalu-cica-water-fit-sun-serum-twin-pack\/"},"modified":"2026-05-03T13:39:01","modified_gmt":"2026-05-03T13:39:01","slug":"skin1004-protection-solaire-madagascar-centella-hyalu-cica-water-fit-sun-serum-twin-pack","status":"publish","type":"product","link":"https:\/\/gangnambeaute.com\/ar\/product\/skin1004-protection-solaire-madagascar-centella-hyalu-cica-water-fit-sun-serum-twin-pack\/","title":{"rendered":"SKIN1004 &#8211; Madagascar Centella Hyalu-Cica Water-Fit Sun Serum Twin pack &#8211; Kits de marques officielles"},"content":{"rendered":"<p>&nbsp;<\/p>\n<div class=\"Y3BBE\" data-sfc-cp=\"\" data-sfc-cb=\"\" data-hveid=\"CAEIARAA\" data-complete=\"true\" data-processed=\"true\"><strong>Ce kit sert \u00e0\u00a0prot\u00e9ger durablement la peau des UV tout en l&rsquo;hydratant intens\u00e9ment gr\u00e2ce au format duo du s\u00e9rum solaire culte \u00e0 l&rsquo;acide hyaluronique.<\/strong><\/div>","protected":false},"excerpt":{"rendered":"<div class=\"Y3BBE\" data-sfc-cp=\"\" data-sfc-cb=\"\" data-hveid=\"CAEIAhAA\" data-complete=\"true\" data-processed=\"true\"><strong>Appliquez une quantit\u00e9 g\u00e9n\u00e9reuse sur votre\u00a0visage propre comme derni\u00e8re \u00e9tape de votre routine matinale.<\/strong><\/div>","protected":false},"featured_media":41097,"comment_status":"open","ping_status":"closed","template":"","meta":[],"product_brand":[1046],"product_cat":[344,352,376,432,436,437],"product_tag":[],"class_list":{"0":"post-30548","1":"product","2":"type-product","3":"status-publish","4":"has-post-thumbnail","6":"product_brand-skin-1004-populare","7":"product_cat-skincare","8":"product_cat-soins-solaires","9":"product_cat-ecrans","10":"product_cat-meilleurs-ventes","11":"product_cat-kits-coffrets","12":"product_cat-kits-de-marques-officielles","14":"first","15":"instock","16":"sale","17":"shipping-taxable","18":"purchasable","19":"product-type-simple"},"_links":{"self":[{"href":"https:\/\/gangnambeaute.com\/ar\/wp-json\/wp\/v2\/product\/30548","targetHints":{"allow":["GET"]}}],"collection":[{"href":"https:\/\/gangnambeaute.com\/ar\/wp-json\/wp\/v2\/product"}],"about":[{"href":"https:\/\/gangnambeaute.com\/ar\/wp-json\/wp\/v2\/types\/product"}],"replies":[{"embeddable":true,"href":"https:\/\/gangnambeaute.com\/ar\/wp-json\/wp\/v2\/comments?post=30548"}],"version-history":[{"count":6,"href":"https:\/\/gangnambeaute.com\/ar\/wp-json\/wp\/v2\/product\/30548\/revisions"}],"predecessor-version":[{"id":43715,"href":"https:\/\/gangnambeaute.com\/ar\/wp-json\/wp\/v2\/product\/30548\/revisions\/43715"}],"wp:featuredmedia":[{"embeddable":true,"href":"https:\/\/gangnambeaute.com\/ar\/wp-json\/wp\/v2\/media\/41097"}],"wp:attachment":[{"href":"https:\/\/gangnambeaute.com\/ar\/wp-json\/wp\/v2\/media?parent=30548"}],"wp:term":[{"taxonomy":"product_brand","embeddable":true,"href":"https:\/\/gangnambeaute.com\/ar\/wp-json\/wp\/v2\/product_brand?post=30548"},{"taxonomy":"product_cat","embeddable":true,"href":"https:\/\/gangnambeaute.com\/ar\/wp-json\/wp\/v2\/product_cat?post=30548"},{"taxonomy":"product_tag","embeddable":true,"href":"https:\/\/gangnambeaute.com\/ar\/wp-json\/wp\/v2\/product_tag?post=30548"}],"curies":[{"name":"wp","href":"https:\/\/api.w.org\/{rel}","templated":true}]}}