{"id":30537,"date":"2025-05-10T04:56:30","date_gmt":"2025-05-10T04:56:30","guid":{"rendered":"https:\/\/darkturquoise-squirrel-824428.hostingersite.com\/product\/cosrx-set-de-patchs-anti-boutons-acne-pimple-master-patch-10-pieces\/"},"modified":"2026-04-11T02:52:48","modified_gmt":"2026-04-11T02:52:48","slug":"cosrx-set-de-patchs-anti-boutons-acne-pimple-master-patch-10-pieces","status":"publish","type":"product","link":"https:\/\/gangnambeaute.com\/ar\/product\/cosrx-set-de-patchs-anti-boutons-acne-pimple-master-patch-10-pieces\/","title":{"rendered":"COSRX &#8211; Set de patchs anti-boutons Acne Pimple Master Patch, 5 pi\u00e8ces &#8211; Patch pour les boutons"},"content":{"rendered":"<p><strong>Ces patchs servent \u00e0 isoler les boutons pour extraire le s\u00e9bum et acc\u00e9l\u00e9rer la cicatrisation tout en \u00e9vitant les infections.<\/strong><\/p>","protected":false},"excerpt":{"rendered":"<div class=\"Y3BBE\" data-sfc-cp=\"\" data-sfc-cb=\"\" data-hveid=\"CAEIAhAA\" data-complete=\"true\" data-processed=\"true\"><strong>Collez un patch sur le\u00a0bouton propre et sec, puis laissez-le agir plusieurs heures ou toute la nuit jusqu&rsquo;\u00e0 ce qu&rsquo;il blanchisse.<span class=\"uJ19be notranslate\" data-wiz-uids=\"BZCVDc_j,BZCVDc_k\" data-sfc-cb=\"\" data-complete=\"true\" data-processed=\"true\"><span class=\"vKEkVd\" data-animation-atomic=\"\" data-wiz-attrbind=\"class=BZCVDc_i\/TKHnVd\" data-sae=\"\"><span aria-hidden=\"true\">\u00a0<\/span><\/span><\/span><\/strong><\/div>","protected":false},"featured_media":41082,"comment_status":"open","ping_status":"closed","template":"","meta":[],"product_brand":[1048],"product_cat":[344,356,387],"product_tag":[],"class_list":{"0":"post-30537","1":"product","2":"type-product","3":"status-publish","4":"has-post-thumbnail","6":"product_brand-cosrx-populare","7":"product_cat-skincare","8":"product_cat-patchs","9":"product_cat-patch-pour-les-boutons","11":"first","12":"instock","13":"sale","14":"shipping-taxable","15":"purchasable","16":"product-type-simple"},"_links":{"self":[{"href":"https:\/\/gangnambeaute.com\/ar\/wp-json\/wp\/v2\/product\/30537","targetHints":{"allow":["GET"]}}],"collection":[{"href":"https:\/\/gangnambeaute.com\/ar\/wp-json\/wp\/v2\/product"}],"about":[{"href":"https:\/\/gangnambeaute.com\/ar\/wp-json\/wp\/v2\/types\/product"}],"replies":[{"embeddable":true,"href":"https:\/\/gangnambeaute.com\/ar\/wp-json\/wp\/v2\/comments?post=30537"}],"version-history":[{"count":5,"href":"https:\/\/gangnambeaute.com\/ar\/wp-json\/wp\/v2\/product\/30537\/revisions"}],"predecessor-version":[{"id":43486,"href":"https:\/\/gangnambeaute.com\/ar\/wp-json\/wp\/v2\/product\/30537\/revisions\/43486"}],"wp:featuredmedia":[{"embeddable":true,"href":"https:\/\/gangnambeaute.com\/ar\/wp-json\/wp\/v2\/media\/41082"}],"wp:attachment":[{"href":"https:\/\/gangnambeaute.com\/ar\/wp-json\/wp\/v2\/media?parent=30537"}],"wp:term":[{"taxonomy":"product_brand","embeddable":true,"href":"https:\/\/gangnambeaute.com\/ar\/wp-json\/wp\/v2\/product_brand?post=30537"},{"taxonomy":"product_cat","embeddable":true,"href":"https:\/\/gangnambeaute.com\/ar\/wp-json\/wp\/v2\/product_cat?post=30537"},{"taxonomy":"product_tag","embeddable":true,"href":"https:\/\/gangnambeaute.com\/ar\/wp-json\/wp\/v2\/product_tag?post=30537"}],"curies":[{"name":"wp","href":"https:\/\/api.w.org\/{rel}","templated":true}]}}