{"id":30534,"date":"2025-05-10T04:56:29","date_gmt":"2025-05-10T04:56:29","guid":{"rendered":"https:\/\/darkturquoise-squirrel-824428.hostingersite.com\/product\/cosrx-master-patch-x-large-patchs-anti-boutons-extra-larges\/"},"modified":"2026-04-11T02:52:47","modified_gmt":"2026-04-11T02:52:47","slug":"cosrx-master-patch-x-large-patchs-anti-boutons-extra-larges","status":"publish","type":"product","link":"https:\/\/gangnambeaute.com\/ar\/product\/cosrx-master-patch-x-large-patchs-anti-boutons-extra-larges\/","title":{"rendered":"COSRX &#8211; Master Patch X-Large &#8211; Patch pour les boutons &#8211; 10 Patch"},"content":{"rendered":"<p><strong>Ces patchs servent \u00e0\u00a0traiter de larges zones d&rsquo;imperfections et \u00e0 absorber l&rsquo;exc\u00e8s de s\u00e9bum gr\u00e2ce \u00e0 leur grand format hydrocollo\u00efde.<\/strong><\/p>","protected":false},"excerpt":{"rendered":"<p><strong>Collez le patch sur la\u00a0zone propre et s\u00e8che (joue, menton ou front) et laissez agir plusieurs heures ou toute la nuit.<\/strong><\/p>","protected":false},"featured_media":43509,"comment_status":"open","ping_status":"closed","template":"","meta":[],"product_brand":[1048],"product_cat":[344,356,387],"product_tag":[],"class_list":{"0":"post-30534","1":"product","2":"type-product","3":"status-publish","4":"has-post-thumbnail","6":"product_brand-cosrx-populare","7":"product_cat-skincare","8":"product_cat-patchs","9":"product_cat-patch-pour-les-boutons","11":"first","12":"outofstock","13":"sale","14":"shipping-taxable","15":"purchasable","16":"product-type-simple"},"_links":{"self":[{"href":"https:\/\/gangnambeaute.com\/ar\/wp-json\/wp\/v2\/product\/30534","targetHints":{"allow":["GET"]}}],"collection":[{"href":"https:\/\/gangnambeaute.com\/ar\/wp-json\/wp\/v2\/product"}],"about":[{"href":"https:\/\/gangnambeaute.com\/ar\/wp-json\/wp\/v2\/types\/product"}],"replies":[{"embeddable":true,"href":"https:\/\/gangnambeaute.com\/ar\/wp-json\/wp\/v2\/comments?post=30534"}],"version-history":[{"count":6,"href":"https:\/\/gangnambeaute.com\/ar\/wp-json\/wp\/v2\/product\/30534\/revisions"}],"predecessor-version":[{"id":43503,"href":"https:\/\/gangnambeaute.com\/ar\/wp-json\/wp\/v2\/product\/30534\/revisions\/43503"}],"wp:featuredmedia":[{"embeddable":true,"href":"https:\/\/gangnambeaute.com\/ar\/wp-json\/wp\/v2\/media\/43509"}],"wp:attachment":[{"href":"https:\/\/gangnambeaute.com\/ar\/wp-json\/wp\/v2\/media?parent=30534"}],"wp:term":[{"taxonomy":"product_brand","embeddable":true,"href":"https:\/\/gangnambeaute.com\/ar\/wp-json\/wp\/v2\/product_brand?post=30534"},{"taxonomy":"product_cat","embeddable":true,"href":"https:\/\/gangnambeaute.com\/ar\/wp-json\/wp\/v2\/product_cat?post=30534"},{"taxonomy":"product_tag","embeddable":true,"href":"https:\/\/gangnambeaute.com\/ar\/wp-json\/wp\/v2\/product_tag?post=30534"}],"curies":[{"name":"wp","href":"https:\/\/api.w.org\/{rel}","templated":true}]}}