{"id":30530,"date":"2025-05-10T04:56:29","date_gmt":"2025-05-10T04:56:29","guid":{"rendered":"https:\/\/darkturquoise-squirrel-824428.hostingersite.com\/product\/cosrx-clear-fit-master-patch-patchs-anti-imperfections\/"},"modified":"2026-04-11T02:52:45","modified_gmt":"2026-04-11T02:52:45","slug":"cosrx-clear-fit-master-patch-patchs-anti-imperfections","status":"publish","type":"product","link":"https:\/\/gangnambeaute.com\/ar\/product\/cosrx-clear-fit-master-patch-patchs-anti-imperfections\/","title":{"rendered":"COSRX &#8211; Clear Fit Master Patch &#8211; Patch pour les boutons &#8211; 18 patches"},"content":{"rendered":"<p><strong>Ces patchs servent \u00e0\u00a0dissimuler les boutons et \u00e0 absorber le s\u00e9bum tout en \u00e9tant ultra-fins pour \u00eatre port\u00e9s sous le maquillage.<\/strong><\/p>","protected":false},"excerpt":{"rendered":"<p><strong>Collez un patch sur le\u00a0bouton propre et sec, puis laissez-le agir toute la journ\u00e9e ou jusqu&rsquo;\u00e0 ce qu&rsquo;il devienne blanc.<\/strong><\/p>","protected":false},"featured_media":43507,"comment_status":"open","ping_status":"closed","template":"","meta":[],"product_brand":[1048],"product_cat":[344,356,387],"product_tag":[],"class_list":{"0":"post-30530","1":"product","2":"type-product","3":"status-publish","4":"has-post-thumbnail","6":"product_brand-cosrx-populare","7":"product_cat-skincare","8":"product_cat-patchs","9":"product_cat-patch-pour-les-boutons","11":"first","12":"outofstock","13":"sale","14":"shipping-taxable","15":"purchasable","16":"product-type-simple"},"_links":{"self":[{"href":"https:\/\/gangnambeaute.com\/ar\/wp-json\/wp\/v2\/product\/30530","targetHints":{"allow":["GET"]}}],"collection":[{"href":"https:\/\/gangnambeaute.com\/ar\/wp-json\/wp\/v2\/product"}],"about":[{"href":"https:\/\/gangnambeaute.com\/ar\/wp-json\/wp\/v2\/types\/product"}],"replies":[{"embeddable":true,"href":"https:\/\/gangnambeaute.com\/ar\/wp-json\/wp\/v2\/comments?post=30530"}],"version-history":[{"count":5,"href":"https:\/\/gangnambeaute.com\/ar\/wp-json\/wp\/v2\/product\/30530\/revisions"}],"predecessor-version":[{"id":43496,"href":"https:\/\/gangnambeaute.com\/ar\/wp-json\/wp\/v2\/product\/30530\/revisions\/43496"}],"wp:featuredmedia":[{"embeddable":true,"href":"https:\/\/gangnambeaute.com\/ar\/wp-json\/wp\/v2\/media\/43507"}],"wp:attachment":[{"href":"https:\/\/gangnambeaute.com\/ar\/wp-json\/wp\/v2\/media?parent=30530"}],"wp:term":[{"taxonomy":"product_brand","embeddable":true,"href":"https:\/\/gangnambeaute.com\/ar\/wp-json\/wp\/v2\/product_brand?post=30530"},{"taxonomy":"product_cat","embeddable":true,"href":"https:\/\/gangnambeaute.com\/ar\/wp-json\/wp\/v2\/product_cat?post=30530"},{"taxonomy":"product_tag","embeddable":true,"href":"https:\/\/gangnambeaute.com\/ar\/wp-json\/wp\/v2\/product_tag?post=30530"}],"curies":[{"name":"wp","href":"https:\/\/api.w.org\/{rel}","templated":true}]}}