{"id":30518,"date":"2025-05-10T04:56:28","date_gmt":"2025-05-10T04:56:28","guid":{"rendered":"https:\/\/darkturquoise-squirrel-824428.hostingersite.com\/product\/cosrx-balancium-ceramide-lip-butter-sleeping-mask-masque-de-nuit-beurre-a-levres\/"},"modified":"2026-04-11T02:52:43","modified_gmt":"2026-04-11T02:52:43","slug":"cosrx-balancium-ceramide-lip-butter-sleeping-mask-masque-de-nuit-beurre-a-levres","status":"publish","type":"product","link":"https:\/\/gangnambeaute.com\/ar\/product\/cosrx-balancium-ceramide-lip-butter-sleeping-mask-masque-de-nuit-beurre-a-levres\/","title":{"rendered":"COSRX &#8211; Full Fit Propolis Lip Sleeping Mask &#8211; Masque de nuit pour les l\u00e8vres &#8211; 20g"},"content":{"rendered":"<p><strong>Ce masque sert \u00e0\u00a0nourrir intens\u00e9ment et \u00e0 r\u00e9parer les l\u00e8vres s\u00e8ches ou gerc\u00e9es pendant votre sommeil gr\u00e2ce \u00e0 la propolis.<\/strong><\/p>","protected":false},"excerpt":{"rendered":"<p><strong>Appliquez une couche g\u00e9n\u00e9reuse sur vos\u00a0l\u00e8vres propres avant de dormir et laissez agir toute la nuit.<\/strong><\/p>","protected":false},"featured_media":43528,"comment_status":"open","ping_status":"closed","template":"","meta":[],"product_brand":[1048],"product_cat":[344,354,383,410],"product_tag":[],"class_list":{"0":"post-30518","1":"product","2":"type-product","3":"status-publish","4":"has-post-thumbnail","6":"product_brand-cosrx-populare","7":"product_cat-skincare","8":"product_cat-soins-des-levres","9":"product_cat-masque-de-nuit","10":"product_cat-baume-a-levres","12":"first","13":"outofstock","14":"sale","15":"shipping-taxable","16":"purchasable","17":"product-type-simple"},"_links":{"self":[{"href":"https:\/\/gangnambeaute.com\/ar\/wp-json\/wp\/v2\/product\/30518","targetHints":{"allow":["GET"]}}],"collection":[{"href":"https:\/\/gangnambeaute.com\/ar\/wp-json\/wp\/v2\/product"}],"about":[{"href":"https:\/\/gangnambeaute.com\/ar\/wp-json\/wp\/v2\/types\/product"}],"replies":[{"embeddable":true,"href":"https:\/\/gangnambeaute.com\/ar\/wp-json\/wp\/v2\/comments?post=30518"}],"version-history":[{"count":7,"href":"https:\/\/gangnambeaute.com\/ar\/wp-json\/wp\/v2\/product\/30518\/revisions"}],"predecessor-version":[{"id":43529,"href":"https:\/\/gangnambeaute.com\/ar\/wp-json\/wp\/v2\/product\/30518\/revisions\/43529"}],"wp:featuredmedia":[{"embeddable":true,"href":"https:\/\/gangnambeaute.com\/ar\/wp-json\/wp\/v2\/media\/43528"}],"wp:attachment":[{"href":"https:\/\/gangnambeaute.com\/ar\/wp-json\/wp\/v2\/media?parent=30518"}],"wp:term":[{"taxonomy":"product_brand","embeddable":true,"href":"https:\/\/gangnambeaute.com\/ar\/wp-json\/wp\/v2\/product_brand?post=30518"},{"taxonomy":"product_cat","embeddable":true,"href":"https:\/\/gangnambeaute.com\/ar\/wp-json\/wp\/v2\/product_cat?post=30518"},{"taxonomy":"product_tag","embeddable":true,"href":"https:\/\/gangnambeaute.com\/ar\/wp-json\/wp\/v2\/product_tag?post=30518"}],"curies":[{"name":"wp","href":"https:\/\/api.w.org\/{rel}","templated":true}]}}