{"id":30511,"date":"2025-05-10T04:56:28","date_gmt":"2025-05-10T04:56:28","guid":{"rendered":"https:\/\/darkturquoise-squirrel-824428.hostingersite.com\/product\/beauty-of-joseon-revive-eye-serum-serum-contour-des-yeux-revitalisant\/"},"modified":"2026-05-03T12:52:43","modified_gmt":"2026-05-03T12:52:43","slug":"beauty-of-joseon-revive-eye-serum-serum-contour-des-yeux-revitalisant","status":"publish","type":"product","link":"https:\/\/gangnambeaute.com\/ar\/product\/beauty-of-joseon-revive-eye-serum-serum-contour-des-yeux-revitalisant\/","title":{"rendered":"Beauty of Joseon &#8211; Revive Eye Serum : Ginseng + Retinal &#8211; Cr\u00e8me contour des yeux &#8211; 30 ml"},"content":{"rendered":"<p><strong>Ce s\u00e9rum contour des yeux au\u00a0ginseng (10%)\u00a0et au\u00a0r\u00e9tinal (2%)\u00a0r\u00e9duit les rides et booste l&rsquo;\u00e9lasticit\u00e9 de la peau tout en l&rsquo;hydratant intens\u00e9ment. Sa texture nourrissante p\u00e9n\u00e8tre rapidement pour laisser un fini doux, lisse et non collant.<\/strong><\/p>\n<p>&nbsp;<\/p>","protected":false},"excerpt":{"rendered":"<p><strong>Appliquez une quantit\u00e9 appropri\u00e9e de produit sur votre contour des yeux en tapotant d\u00e9licatement du bout des doigts pour une meilleure absorption.<\/strong><\/p>","protected":false},"featured_media":43044,"comment_status":"open","ping_status":"closed","template":"","meta":[],"product_brand":[1063],"product_cat":[344,353,379,429,430,433,434],"product_tag":[585],"class_list":{"0":"post-30511","1":"product","2":"type-product","3":"status-publish","4":"has-post-thumbnail","6":"product_brand-beauty-of-joseon","7":"product_cat-skincare","8":"product_cat-soins-des-yeux","9":"product_cat-creme-contour-des-yeux","10":"product_cat-soldes","11":"product_cat-promotions","12":"product_cat-promotion-dete","13":"product_cat-nouveautes","14":"product_tag-mv-home","16":"first","17":"instock","18":"sale","19":"shipping-taxable","20":"purchasable","21":"product-type-simple"},"_links":{"self":[{"href":"https:\/\/gangnambeaute.com\/ar\/wp-json\/wp\/v2\/product\/30511","targetHints":{"allow":["GET"]}}],"collection":[{"href":"https:\/\/gangnambeaute.com\/ar\/wp-json\/wp\/v2\/product"}],"about":[{"href":"https:\/\/gangnambeaute.com\/ar\/wp-json\/wp\/v2\/types\/product"}],"replies":[{"embeddable":true,"href":"https:\/\/gangnambeaute.com\/ar\/wp-json\/wp\/v2\/comments?post=30511"}],"version-history":[{"count":8,"href":"https:\/\/gangnambeaute.com\/ar\/wp-json\/wp\/v2\/product\/30511\/revisions"}],"predecessor-version":[{"id":42539,"href":"https:\/\/gangnambeaute.com\/ar\/wp-json\/wp\/v2\/product\/30511\/revisions\/42539"}],"wp:featuredmedia":[{"embeddable":true,"href":"https:\/\/gangnambeaute.com\/ar\/wp-json\/wp\/v2\/media\/43044"}],"wp:attachment":[{"href":"https:\/\/gangnambeaute.com\/ar\/wp-json\/wp\/v2\/media?parent=30511"}],"wp:term":[{"taxonomy":"product_brand","embeddable":true,"href":"https:\/\/gangnambeaute.com\/ar\/wp-json\/wp\/v2\/product_brand?post=30511"},{"taxonomy":"product_cat","embeddable":true,"href":"https:\/\/gangnambeaute.com\/ar\/wp-json\/wp\/v2\/product_cat?post=30511"},{"taxonomy":"product_tag","embeddable":true,"href":"https:\/\/gangnambeaute.com\/ar\/wp-json\/wp\/v2\/product_tag?post=30511"}],"curies":[{"name":"wp","href":"https:\/\/api.w.org\/{rel}","templated":true}]}}