{"id":30508,"date":"2025-05-10T04:56:28","date_gmt":"2025-05-10T04:56:28","guid":{"rendered":"https:\/\/darkturquoise-squirrel-824428.hostingersite.com\/product\/beauty-of-joseon-matte-sun-stick-stick-solaire\/"},"modified":"2026-04-11T02:52:40","modified_gmt":"2026-04-11T02:52:40","slug":"beauty-of-joseon-matte-sun-stick-stick-solaire","status":"publish","type":"product","link":"https:\/\/gangnambeaute.com\/ar\/product\/beauty-of-joseon-matte-sun-stick-stick-solaire\/","title":{"rendered":"Beauty of Joseon &#8211; Matte Sun Stick Mugwort + Camelia SPF 50+ PA++++ &#8211; Stick solaire &#8211; 18 g"},"content":{"rendered":"<p><strong>Ce stick solaire au armoise et cam\u00e9lia prot\u00e8ge votre peau du soleil avec un fini mat et velout\u00e9, sans graisser ni coller.<\/strong><\/p>","protected":false},"excerpt":{"rendered":"<div class=\"Y3BBE Lem6n\" data-sfc-cp=\"\" data-sfc-cb=\"\" data-hveid=\"CAEIAhAA\" data-complete=\"true\" data-processed=\"true\"><strong><span class=\"N9Q8Lc\">\u00a0Faites glisser le stick directement sur votre\u00a0<\/span><span class=\"N9Q8Lc\">visage propre<\/span><span class=\"N9Q8Lc\">\u00a0ou par-dessus votre maquillage pour des retouches faciles tout au long de la journ\u00e9e.<\/span><span class=\"uJ19be notranslate\" data-wiz-uids=\"SLUfnf_k,SLUfnf_l\" data-sfc-cb=\"\" data-complete=\"true\" data-processed=\"true\"><span class=\"vKEkVd\" data-animation-atomic=\"\" data-wiz-attrbind=\"class=SLUfnf_j\/TKHnVd\" data-sae=\"\"><span aria-hidden=\"true\">\u00a0<\/span><\/span><\/span><\/strong><\/div>","protected":false},"featured_media":41017,"comment_status":"open","ping_status":"closed","template":"","meta":[],"product_brand":[1063],"product_cat":[344,352,377,435],"product_tag":[],"class_list":{"0":"post-30508","1":"product","2":"type-product","3":"status-publish","4":"has-post-thumbnail","6":"product_brand-beauty-of-joseon","7":"product_cat-skincare","8":"product_cat-soins-solaires","9":"product_cat-stick-solaire","10":"product_cat-retour-en-stock","12":"first","13":"outofstock","14":"sale","15":"shipping-taxable","16":"purchasable","17":"product-type-simple"},"_links":{"self":[{"href":"https:\/\/gangnambeaute.com\/ar\/wp-json\/wp\/v2\/product\/30508","targetHints":{"allow":["GET"]}}],"collection":[{"href":"https:\/\/gangnambeaute.com\/ar\/wp-json\/wp\/v2\/product"}],"about":[{"href":"https:\/\/gangnambeaute.com\/ar\/wp-json\/wp\/v2\/types\/product"}],"replies":[{"embeddable":true,"href":"https:\/\/gangnambeaute.com\/ar\/wp-json\/wp\/v2\/comments?post=30508"}],"version-history":[{"count":6,"href":"https:\/\/gangnambeaute.com\/ar\/wp-json\/wp\/v2\/product\/30508\/revisions"}],"predecessor-version":[{"id":43039,"href":"https:\/\/gangnambeaute.com\/ar\/wp-json\/wp\/v2\/product\/30508\/revisions\/43039"}],"wp:featuredmedia":[{"embeddable":true,"href":"https:\/\/gangnambeaute.com\/ar\/wp-json\/wp\/v2\/media\/41017"}],"wp:attachment":[{"href":"https:\/\/gangnambeaute.com\/ar\/wp-json\/wp\/v2\/media?parent=30508"}],"wp:term":[{"taxonomy":"product_brand","embeddable":true,"href":"https:\/\/gangnambeaute.com\/ar\/wp-json\/wp\/v2\/product_brand?post=30508"},{"taxonomy":"product_cat","embeddable":true,"href":"https:\/\/gangnambeaute.com\/ar\/wp-json\/wp\/v2\/product_cat?post=30508"},{"taxonomy":"product_tag","embeddable":true,"href":"https:\/\/gangnambeaute.com\/ar\/wp-json\/wp\/v2\/product_tag?post=30508"}],"curies":[{"name":"wp","href":"https:\/\/api.w.org\/{rel}","templated":true}]}}