{"id":30489,"date":"2025-05-10T04:56:26","date_gmt":"2025-05-10T04:56:26","guid":{"rendered":"https:\/\/darkturquoise-squirrel-824428.hostingersite.com\/product\/cosrx-the-vitamin-c-13-serum\/"},"modified":"2026-05-03T13:33:43","modified_gmt":"2026-05-03T13:33:43","slug":"cosrx-the-vitamin-c-13-serum","status":"publish","type":"product","link":"https:\/\/gangnambeaute.com\/ar\/product\/cosrx-the-vitamin-c-13-serum\/","title":{"rendered":"COSRX &#8211; The Vitamin C 13 Serum &#8211; S\u00e9rum &#8211; 20ml"},"content":{"rendered":"<p><strong>Ce s\u00e9rum sert \u00e0 illuminer le teint et \u00e0 unifier la peau en douceur gr\u00e2ce \u00e0 une concentration mod\u00e9r\u00e9e de vitamine C pure.<\/strong><\/p>","protected":false},"excerpt":{"rendered":"<div class=\"Y3BBE\" data-sfc-cp=\"\" data-sfc-cb=\"\" data-hveid=\"CAEIAhAA\" data-complete=\"true\" data-processed=\"true\"><strong>Appliquez 2 \u00e0 3 gouttes sur votre\u00a0visage propre\u00a0le matin, puis appliquez obligatoirement une protection solaire.<span class=\"uJ19be notranslate\" data-wiz-uids=\"Pd2GZd_j,Pd2GZd_k\" data-sfc-cb=\"\" data-complete=\"true\" data-processed=\"true\"><span class=\"vKEkVd\" data-animation-atomic=\"\" data-wiz-attrbind=\"class=Pd2GZd_i\/TKHnVd\" data-sae=\"\"><span aria-hidden=\"true\">\u00a0<\/span><\/span><\/span><\/strong><\/div>","protected":false},"featured_media":43555,"comment_status":"open","ping_status":"closed","template":"","meta":[],"product_brand":[1048],"product_cat":[344,348,349,368],"product_tag":[586],"class_list":{"0":"post-30489","1":"product","2":"type-product","3":"status-publish","4":"has-post-thumbnail","6":"product_brand-cosrx-populare","7":"product_cat-skincare","8":"product_cat-soin-concentre","9":"product_cat-vitamine-c","10":"product_cat-serums","11":"product_tag-ligne-rx","13":"first","14":"instock","15":"sale","16":"shipping-taxable","17":"purchasable","18":"product-type-simple"},"_links":{"self":[{"href":"https:\/\/gangnambeaute.com\/ar\/wp-json\/wp\/v2\/product\/30489","targetHints":{"allow":["GET"]}}],"collection":[{"href":"https:\/\/gangnambeaute.com\/ar\/wp-json\/wp\/v2\/product"}],"about":[{"href":"https:\/\/gangnambeaute.com\/ar\/wp-json\/wp\/v2\/types\/product"}],"replies":[{"embeddable":true,"href":"https:\/\/gangnambeaute.com\/ar\/wp-json\/wp\/v2\/comments?post=30489"}],"version-history":[{"count":8,"href":"https:\/\/gangnambeaute.com\/ar\/wp-json\/wp\/v2\/product\/30489\/revisions"}],"predecessor-version":[{"id":43553,"href":"https:\/\/gangnambeaute.com\/ar\/wp-json\/wp\/v2\/product\/30489\/revisions\/43553"}],"wp:featuredmedia":[{"embeddable":true,"href":"https:\/\/gangnambeaute.com\/ar\/wp-json\/wp\/v2\/media\/43555"}],"wp:attachment":[{"href":"https:\/\/gangnambeaute.com\/ar\/wp-json\/wp\/v2\/media?parent=30489"}],"wp:term":[{"taxonomy":"product_brand","embeddable":true,"href":"https:\/\/gangnambeaute.com\/ar\/wp-json\/wp\/v2\/product_brand?post=30489"},{"taxonomy":"product_cat","embeddable":true,"href":"https:\/\/gangnambeaute.com\/ar\/wp-json\/wp\/v2\/product_cat?post=30489"},{"taxonomy":"product_tag","embeddable":true,"href":"https:\/\/gangnambeaute.com\/ar\/wp-json\/wp\/v2\/product_tag?post=30489"}],"curies":[{"name":"wp","href":"https:\/\/api.w.org\/{rel}","templated":true}]}}