{"id":30485,"date":"2025-05-10T04:56:26","date_gmt":"2025-05-10T04:56:26","guid":{"rendered":"https:\/\/darkturquoise-squirrel-824428.hostingersite.com\/product\/skin-1004-madagascar-centella-probio-cica-enrich-cream-creme-hydratante-3\/"},"modified":"2026-05-03T13:43:51","modified_gmt":"2026-05-03T13:43:51","slug":"skin-1004-madagascar-centella-probio-cica-enrich-cream-creme-hydratante-3","status":"publish","type":"product","link":"https:\/\/gangnambeaute.com\/ar\/product\/skin-1004-madagascar-centella-probio-cica-enrich-cream-creme-hydratante-3\/","title":{"rendered":"SKIN1004 &#8211; Madagascar Centella Probio-Cica Enrich Cream &#8211; Cr\u00e8me &#8211; 50ml"},"content":{"rendered":"<p><strong>Cette cr\u00e8me sert \u00e0\u00a0r\u00e9parer intens\u00e9ment la barri\u00e8re cutan\u00e9e et \u00e0 nourrir les peaux s\u00e8ches gr\u00e2ce \u00e0 la Centella ferment\u00e9e et aux c\u00e9ramides.<\/strong><\/p>","protected":false},"excerpt":{"rendered":"<div class=\"Y3BBE\" data-sfc-cp=\"\" data-sfc-cb=\"\" data-hveid=\"CAEIAhAA\" data-complete=\"true\" data-processed=\"true\"><strong>Appliquez une noisette sur votre\u00a0visage propre et massez d\u00e9licatement jusqu&rsquo;\u00e0 absorption compl\u00e8te, matin et soir.<\/strong><\/div>","protected":false},"featured_media":40966,"comment_status":"open","ping_status":"closed","template":"","meta":[],"product_brand":[1046],"product_cat":[344,348,370],"product_tag":[],"class_list":{"0":"post-30485","1":"product","2":"type-product","3":"status-publish","4":"has-post-thumbnail","6":"product_brand-skin-1004-populare","7":"product_cat-skincare","8":"product_cat-soin-concentre","9":"product_cat-cremes","11":"first","12":"instock","13":"sale","14":"shipping-taxable","15":"purchasable","16":"product-type-simple"},"_links":{"self":[{"href":"https:\/\/gangnambeaute.com\/ar\/wp-json\/wp\/v2\/product\/30485","targetHints":{"allow":["GET"]}}],"collection":[{"href":"https:\/\/gangnambeaute.com\/ar\/wp-json\/wp\/v2\/product"}],"about":[{"href":"https:\/\/gangnambeaute.com\/ar\/wp-json\/wp\/v2\/types\/product"}],"replies":[{"embeddable":true,"href":"https:\/\/gangnambeaute.com\/ar\/wp-json\/wp\/v2\/comments?post=30485"}],"version-history":[{"count":6,"href":"https:\/\/gangnambeaute.com\/ar\/wp-json\/wp\/v2\/product\/30485\/revisions"}],"predecessor-version":[{"id":43728,"href":"https:\/\/gangnambeaute.com\/ar\/wp-json\/wp\/v2\/product\/30485\/revisions\/43728"}],"wp:featuredmedia":[{"embeddable":true,"href":"https:\/\/gangnambeaute.com\/ar\/wp-json\/wp\/v2\/media\/40966"}],"wp:attachment":[{"href":"https:\/\/gangnambeaute.com\/ar\/wp-json\/wp\/v2\/media?parent=30485"}],"wp:term":[{"taxonomy":"product_brand","embeddable":true,"href":"https:\/\/gangnambeaute.com\/ar\/wp-json\/wp\/v2\/product_brand?post=30485"},{"taxonomy":"product_cat","embeddable":true,"href":"https:\/\/gangnambeaute.com\/ar\/wp-json\/wp\/v2\/product_cat?post=30485"},{"taxonomy":"product_tag","embeddable":true,"href":"https:\/\/gangnambeaute.com\/ar\/wp-json\/wp\/v2\/product_tag?post=30485"}],"curies":[{"name":"wp","href":"https:\/\/api.w.org\/{rel}","templated":true}]}}