{"id":30480,"date":"2025-05-10T04:56:25","date_gmt":"2025-05-10T04:56:25","guid":{"rendered":"https:\/\/darkturquoise-squirrel-824428.hostingersite.com\/product\/isntree-hyaluronic-acid-moist-cream-creme-hydratante-a-lacide-hyaluronique\/"},"modified":"2026-04-11T02:52:31","modified_gmt":"2026-04-11T02:52:31","slug":"isntree-hyaluronic-acid-moist-cream-creme-hydratante-a-lacide-hyaluronique","status":"publish","type":"product","link":"https:\/\/gangnambeaute.com\/ar\/product\/isntree-hyaluronic-acid-moist-cream-creme-hydratante-a-lacide-hyaluronique\/","title":{"rendered":"Isntree &#8211; Hyaluronic Acid Moist Cream &#8211; Cr\u00e8me"},"content":{"rendered":"<p><strong>Cette cr\u00e8me sert \u00e0\u00a0hydrater intens\u00e9ment les peaux s\u00e8ches et \u00e0 retenir l&rsquo;humidit\u00e9 durablement gr\u00e2ce \u00e0 ses dix types d&rsquo;acide hyaluronique.<\/strong><\/p>","protected":false},"excerpt":{"rendered":"<div class=\"Y3BBE\" data-sfc-cp=\"\" data-sfc-cb=\"\" data-hveid=\"CAEIAhAA\" data-complete=\"true\" data-processed=\"true\"><strong>Appliquez une noisette sur votre\u00a0visage propre\u00a0et massez d\u00e9licatement jusqu&rsquo;\u00e0 absorption compl\u00e8te, matin et soir.<span class=\"uJ19be notranslate\" data-wiz-uids=\"dRxbNe_j,dRxbNe_k\" data-sfc-cb=\"\" data-complete=\"true\" data-processed=\"true\"><span class=\"vKEkVd\" data-animation-atomic=\"\" data-wiz-attrbind=\"class=dRxbNe_i\/TKHnVd\" data-sae=\"\"><span aria-hidden=\"true\">\u00a0<\/span><\/span><\/span><\/strong><\/div>","protected":false},"featured_media":43885,"comment_status":"open","ping_status":"closed","template":"","meta":[],"product_brand":[1050],"product_cat":[370],"product_tag":[],"class_list":{"0":"post-30480","1":"product","2":"type-product","3":"status-publish","4":"has-post-thumbnail","6":"product_brand-isntree-populare","7":"product_cat-cremes","9":"first","10":"outofstock","11":"sale","12":"shipping-taxable","13":"purchasable","14":"product-type-simple"},"_links":{"self":[{"href":"https:\/\/gangnambeaute.com\/ar\/wp-json\/wp\/v2\/product\/30480","targetHints":{"allow":["GET"]}}],"collection":[{"href":"https:\/\/gangnambeaute.com\/ar\/wp-json\/wp\/v2\/product"}],"about":[{"href":"https:\/\/gangnambeaute.com\/ar\/wp-json\/wp\/v2\/types\/product"}],"replies":[{"embeddable":true,"href":"https:\/\/gangnambeaute.com\/ar\/wp-json\/wp\/v2\/comments?post=30480"}],"version-history":[{"count":4,"href":"https:\/\/gangnambeaute.com\/ar\/wp-json\/wp\/v2\/product\/30480\/revisions"}],"predecessor-version":[{"id":43886,"href":"https:\/\/gangnambeaute.com\/ar\/wp-json\/wp\/v2\/product\/30480\/revisions\/43886"}],"wp:featuredmedia":[{"embeddable":true,"href":"https:\/\/gangnambeaute.com\/ar\/wp-json\/wp\/v2\/media\/43885"}],"wp:attachment":[{"href":"https:\/\/gangnambeaute.com\/ar\/wp-json\/wp\/v2\/media?parent=30480"}],"wp:term":[{"taxonomy":"product_brand","embeddable":true,"href":"https:\/\/gangnambeaute.com\/ar\/wp-json\/wp\/v2\/product_brand?post=30480"},{"taxonomy":"product_cat","embeddable":true,"href":"https:\/\/gangnambeaute.com\/ar\/wp-json\/wp\/v2\/product_cat?post=30480"},{"taxonomy":"product_tag","embeddable":true,"href":"https:\/\/gangnambeaute.com\/ar\/wp-json\/wp\/v2\/product_tag?post=30480"}],"curies":[{"name":"wp","href":"https:\/\/api.w.org\/{rel}","templated":true}]}}