{"id":30477,"date":"2025-05-10T04:56:25","date_gmt":"2025-05-10T04:56:25","guid":{"rendered":"https:\/\/darkturquoise-squirrel-824428.hostingersite.com\/product\/im-from-rice-cream-creme-au-riz\/"},"modified":"2026-04-11T02:52:31","modified_gmt":"2026-04-11T02:52:31","slug":"im-from-rice-cream-creme-au-riz","status":"publish","type":"product","link":"https:\/\/gangnambeaute.com\/ar\/product\/im-from-rice-cream-creme-au-riz\/","title":{"rendered":"I&rsquo;m from &#8211; Rice Cream &#8211; Cr\u00e8me visage"},"content":{"rendered":"<div class=\"Y3BBE\" data-sfc-cp=\"\" data-sfc-cb=\"\" data-hveid=\"CAEIAhAA\" data-processed=\"true\" data-complete=\"true\"><strong>Cette cr\u00e8me au\u00a0riz de Yeoju (41 %) et aux c\u00e9ramides hydrate intens\u00e9ment et renforce la barri\u00e8re cutan\u00e9e pour un teint lisse et parfaitement nourri.<\/strong><\/div>","protected":false},"excerpt":{"rendered":"<div class=\"Y3BBE\" data-sfc-cp=\"\" data-sfc-cb=\"\" data-hveid=\"CAEIAxAA\" data-complete=\"true\" data-processed=\"true\"><strong>Appliquez une noisette sur votre\u00a0visage propre matin et soir comme derni\u00e8re \u00e9tape de votre routine pour sceller l&rsquo;hydratation.<\/strong><\/div>","protected":false},"featured_media":40948,"comment_status":"open","ping_status":"closed","template":"","meta":[],"product_brand":[1049],"product_cat":[348,370],"product_tag":[],"class_list":{"0":"post-30477","1":"product","2":"type-product","3":"status-publish","4":"has-post-thumbnail","6":"product_brand-im-from-populare","7":"product_cat-soin-concentre","8":"product_cat-cremes","10":"first","11":"outofstock","12":"shipping-taxable","13":"product-type-simple"},"_links":{"self":[{"href":"https:\/\/gangnambeaute.com\/ar\/wp-json\/wp\/v2\/product\/30477","targetHints":{"allow":["GET"]}}],"collection":[{"href":"https:\/\/gangnambeaute.com\/ar\/wp-json\/wp\/v2\/product"}],"about":[{"href":"https:\/\/gangnambeaute.com\/ar\/wp-json\/wp\/v2\/types\/product"}],"replies":[{"embeddable":true,"href":"https:\/\/gangnambeaute.com\/ar\/wp-json\/wp\/v2\/comments?post=30477"}],"version-history":[{"count":3,"href":"https:\/\/gangnambeaute.com\/ar\/wp-json\/wp\/v2\/product\/30477\/revisions"}],"predecessor-version":[{"id":43305,"href":"https:\/\/gangnambeaute.com\/ar\/wp-json\/wp\/v2\/product\/30477\/revisions\/43305"}],"wp:featuredmedia":[{"embeddable":true,"href":"https:\/\/gangnambeaute.com\/ar\/wp-json\/wp\/v2\/media\/40948"}],"wp:attachment":[{"href":"https:\/\/gangnambeaute.com\/ar\/wp-json\/wp\/v2\/media?parent=30477"}],"wp:term":[{"taxonomy":"product_brand","embeddable":true,"href":"https:\/\/gangnambeaute.com\/ar\/wp-json\/wp\/v2\/product_brand?post=30477"},{"taxonomy":"product_cat","embeddable":true,"href":"https:\/\/gangnambeaute.com\/ar\/wp-json\/wp\/v2\/product_cat?post=30477"},{"taxonomy":"product_tag","embeddable":true,"href":"https:\/\/gangnambeaute.com\/ar\/wp-json\/wp\/v2\/product_tag?post=30477"}],"curies":[{"name":"wp","href":"https:\/\/api.w.org\/{rel}","templated":true}]}}