{"id":30474,"date":"2025-05-10T04:56:24","date_gmt":"2025-05-10T04:56:24","guid":{"rendered":"https:\/\/darkturquoise-squirrel-824428.hostingersite.com\/product\/skin-1004-madagascar-centella-probio-cica-intensive-ampoule-ampoule-concentree-centella-probio-cica-de-madagascar-3\/"},"modified":"2026-04-13T14:33:37","modified_gmt":"2026-04-13T14:33:37","slug":"skin-1004-madagascar-centella-probio-cica-intensive-ampoule-ampoule-concentree-centella-probio-cica-de-madagascar-3","status":"publish","type":"product","link":"https:\/\/gangnambeaute.com\/ar\/product\/skin-1004-madagascar-centella-probio-cica-intensive-ampoule-ampoule-concentree-centella-probio-cica-de-madagascar-3\/","title":{"rendered":"SKIN1004 &#8211; Madagascar Centella Probio-Cica Intensive Ampoule &#8211; 95ml"},"content":{"rendered":"<p><strong>Cette ampoule sert \u00e0\u00a0r\u00e9parer intens\u00e9ment la barri\u00e8re cutan\u00e9e et \u00e0 nourrir les peaux tr\u00e8s s\u00e8ches ou ab\u00eem\u00e9es gr\u00e2ce \u00e0 la Centella ferment\u00e9e et aux probiotiques.<\/strong><\/p>","protected":false},"excerpt":{"rendered":"<div class=\"Y3BBE\" data-sfc-cp=\"\" data-sfc-cb=\"\" data-hveid=\"CAEIAhAA\" data-complete=\"true\" data-processed=\"true\"><strong>Appliquez quelques gouttes sur votre\u00a0visage propre et tapotez doucement jusqu&rsquo;\u00e0 absorption compl\u00e8te avant votre cr\u00e8me.<\/strong><\/div>","protected":false},"featured_media":44132,"comment_status":"open","ping_status":"closed","template":"","meta":[],"product_brand":[1046],"product_cat":[344,348,369,434,435],"product_tag":[],"class_list":{"0":"post-30474","1":"product","2":"type-product","3":"status-publish","4":"has-post-thumbnail","6":"product_brand-skin-1004-populare","7":"product_cat-skincare","8":"product_cat-soin-concentre","9":"product_cat-ampoules","10":"product_cat-nouveautes","11":"product_cat-retour-en-stock","13":"first","14":"instock","15":"sale","16":"shipping-taxable","17":"purchasable","18":"product-type-simple"},"_links":{"self":[{"href":"https:\/\/gangnambeaute.com\/ar\/wp-json\/wp\/v2\/product\/30474","targetHints":{"allow":["GET"]}}],"collection":[{"href":"https:\/\/gangnambeaute.com\/ar\/wp-json\/wp\/v2\/product"}],"about":[{"href":"https:\/\/gangnambeaute.com\/ar\/wp-json\/wp\/v2\/types\/product"}],"replies":[{"embeddable":true,"href":"https:\/\/gangnambeaute.com\/ar\/wp-json\/wp\/v2\/comments?post=30474"}],"version-history":[{"count":8,"href":"https:\/\/gangnambeaute.com\/ar\/wp-json\/wp\/v2\/product\/30474\/revisions"}],"predecessor-version":[{"id":43737,"href":"https:\/\/gangnambeaute.com\/ar\/wp-json\/wp\/v2\/product\/30474\/revisions\/43737"}],"wp:featuredmedia":[{"embeddable":true,"href":"https:\/\/gangnambeaute.com\/ar\/wp-json\/wp\/v2\/media\/44132"}],"wp:attachment":[{"href":"https:\/\/gangnambeaute.com\/ar\/wp-json\/wp\/v2\/media?parent=30474"}],"wp:term":[{"taxonomy":"product_brand","embeddable":true,"href":"https:\/\/gangnambeaute.com\/ar\/wp-json\/wp\/v2\/product_brand?post=30474"},{"taxonomy":"product_cat","embeddable":true,"href":"https:\/\/gangnambeaute.com\/ar\/wp-json\/wp\/v2\/product_cat?post=30474"},{"taxonomy":"product_tag","embeddable":true,"href":"https:\/\/gangnambeaute.com\/ar\/wp-json\/wp\/v2\/product_tag?post=30474"}],"curies":[{"name":"wp","href":"https:\/\/api.w.org\/{rel}","templated":true}]}}