{"id":30466,"date":"2025-05-10T04:56:24","date_gmt":"2025-05-10T04:56:24","guid":{"rendered":"https:\/\/darkturquoise-squirrel-824428.hostingersite.com\/product\/beauty-of-joseon-glow-serum-serum-eclat\/"},"modified":"2026-05-03T12:53:17","modified_gmt":"2026-05-03T12:53:17","slug":"beauty-of-joseon-glow-serum-serum-eclat","status":"publish","type":"product","link":"https:\/\/gangnambeaute.com\/ar\/product\/beauty-of-joseon-glow-serum-serum-eclat\/","title":{"rendered":"Beauty of Joseon &#8211; Glow Serum : Propolis + Niacinamide &#8211; S\u00e9rum &#8211; 30 ml"},"content":{"rendered":"<p><strong>Ce\u00a0s\u00e9rum \u00e0 la propolis\u00a0illumine le teint, r\u00e9duit les imperfections et resserre les pores pour une peau \u00e9clatante et unifi\u00e9e<\/strong><\/p>","protected":false},"excerpt":{"rendered":"<p><strong>Appliquez quelques gouttes sur le visage propre et tonifi\u00e9, puis tapotez doucement pour une absorption optimale avant votre cr\u00e8me.<\/strong><\/p>","protected":false},"featured_media":43329,"comment_status":"open","ping_status":"closed","template":"","meta":[],"product_brand":[1063],"product_cat":[344,348,368],"product_tag":[],"class_list":{"0":"post-30466","1":"product","2":"type-product","3":"status-publish","4":"has-post-thumbnail","6":"product_brand-beauty-of-joseon","7":"product_cat-skincare","8":"product_cat-soin-concentre","9":"product_cat-serums","11":"first","12":"instock","13":"sale","14":"shipping-taxable","15":"purchasable","16":"product-type-simple"},"_links":{"self":[{"href":"https:\/\/gangnambeaute.com\/ar\/wp-json\/wp\/v2\/product\/30466","targetHints":{"allow":["GET"]}}],"collection":[{"href":"https:\/\/gangnambeaute.com\/ar\/wp-json\/wp\/v2\/product"}],"about":[{"href":"https:\/\/gangnambeaute.com\/ar\/wp-json\/wp\/v2\/types\/product"}],"replies":[{"embeddable":true,"href":"https:\/\/gangnambeaute.com\/ar\/wp-json\/wp\/v2\/comments?post=30466"}],"version-history":[{"count":7,"href":"https:\/\/gangnambeaute.com\/ar\/wp-json\/wp\/v2\/product\/30466\/revisions"}],"predecessor-version":[{"id":43330,"href":"https:\/\/gangnambeaute.com\/ar\/wp-json\/wp\/v2\/product\/30466\/revisions\/43330"}],"wp:featuredmedia":[{"embeddable":true,"href":"https:\/\/gangnambeaute.com\/ar\/wp-json\/wp\/v2\/media\/43329"}],"wp:attachment":[{"href":"https:\/\/gangnambeaute.com\/ar\/wp-json\/wp\/v2\/media?parent=30466"}],"wp:term":[{"taxonomy":"product_brand","embeddable":true,"href":"https:\/\/gangnambeaute.com\/ar\/wp-json\/wp\/v2\/product_brand?post=30466"},{"taxonomy":"product_cat","embeddable":true,"href":"https:\/\/gangnambeaute.com\/ar\/wp-json\/wp\/v2\/product_cat?post=30466"},{"taxonomy":"product_tag","embeddable":true,"href":"https:\/\/gangnambeaute.com\/ar\/wp-json\/wp\/v2\/product_tag?post=30466"}],"curies":[{"name":"wp","href":"https:\/\/api.w.org\/{rel}","templated":true}]}}