{"id":30439,"date":"2025-05-10T04:56:21","date_gmt":"2025-05-10T04:56:21","guid":{"rendered":"https:\/\/darkturquoise-squirrel-824428.hostingersite.com\/product\/im-from-honey-mask-masque\/"},"modified":"2026-04-11T02:52:20","modified_gmt":"2026-04-11T02:52:20","slug":"im-from-honey-mask-masque","status":"publish","type":"product","link":"https:\/\/gangnambeaute.com\/ar\/product\/im-from-honey-mask-masque\/","title":{"rendered":"I&rsquo;m from &#8211; Honey Mask &#8211; Masque visage 30g"},"content":{"rendered":"<div class=\"Y3BBE\" data-sfc-cp=\"\" data-sfc-cb=\"\" data-hveid=\"CAEIAhAA\" data-processed=\"true\" data-complete=\"true\"><strong>Ce masque au\u00a0miel de Jiri (38,7 %) nourrit intens\u00e9ment, apaise les inflammations et hydrate en profondeur pour une peau souple et \u00e9clatante.<\/strong><\/div>","protected":false},"excerpt":{"rendered":"<div class=\"Y3BBE\" data-sfc-cp=\"\" data-sfc-cb=\"\" data-hveid=\"CAEIAxAA\" data-complete=\"true\" data-processed=\"true\"><strong>Appliquez sur\u00a0visage propre, laissez poser\u00a010 minutes \u00e0 1 heure, puis rincez abondamment \u00e0 l&rsquo;eau ti\u00e8de.<\/strong><\/div>","protected":false},"featured_media":43310,"comment_status":"open","ping_status":"closed","template":"","meta":[],"product_brand":[1049],"product_cat":[344,350,373,432],"product_tag":[],"class_list":{"0":"post-30439","1":"product","2":"type-product","3":"status-publish","4":"has-post-thumbnail","6":"product_brand-im-from-populare","7":"product_cat-skincare","8":"product_cat-exfoliants","9":"product_cat-masque-a-rincer","10":"product_cat-meilleurs-ventes","12":"first","13":"outofstock","14":"sale","15":"shipping-taxable","16":"purchasable","17":"product-type-simple"},"_links":{"self":[{"href":"https:\/\/gangnambeaute.com\/ar\/wp-json\/wp\/v2\/product\/30439","targetHints":{"allow":["GET"]}}],"collection":[{"href":"https:\/\/gangnambeaute.com\/ar\/wp-json\/wp\/v2\/product"}],"about":[{"href":"https:\/\/gangnambeaute.com\/ar\/wp-json\/wp\/v2\/types\/product"}],"replies":[{"embeddable":true,"href":"https:\/\/gangnambeaute.com\/ar\/wp-json\/wp\/v2\/comments?post=30439"}],"version-history":[{"count":4,"href":"https:\/\/gangnambeaute.com\/ar\/wp-json\/wp\/v2\/product\/30439\/revisions"}],"predecessor-version":[{"id":43309,"href":"https:\/\/gangnambeaute.com\/ar\/wp-json\/wp\/v2\/product\/30439\/revisions\/43309"}],"wp:featuredmedia":[{"embeddable":true,"href":"https:\/\/gangnambeaute.com\/ar\/wp-json\/wp\/v2\/media\/43310"}],"wp:attachment":[{"href":"https:\/\/gangnambeaute.com\/ar\/wp-json\/wp\/v2\/media?parent=30439"}],"wp:term":[{"taxonomy":"product_brand","embeddable":true,"href":"https:\/\/gangnambeaute.com\/ar\/wp-json\/wp\/v2\/product_brand?post=30439"},{"taxonomy":"product_cat","embeddable":true,"href":"https:\/\/gangnambeaute.com\/ar\/wp-json\/wp\/v2\/product_cat?post=30439"},{"taxonomy":"product_tag","embeddable":true,"href":"https:\/\/gangnambeaute.com\/ar\/wp-json\/wp\/v2\/product_tag?post=30439"}],"curies":[{"name":"wp","href":"https:\/\/api.w.org\/{rel}","templated":true}]}}