{"id":30426,"date":"2025-05-10T04:56:20","date_gmt":"2025-05-10T04:56:20","guid":{"rendered":"https:\/\/darkturquoise-squirrel-824428.hostingersite.com\/product\/cosrx-hydrium-triple-hyaluronic-moisturizing-cleanser-nettoyant\/"},"modified":"2026-04-11T02:52:17","modified_gmt":"2026-04-11T02:52:17","slug":"cosrx-hydrium-triple-hyaluronic-moisturizing-cleanser-nettoyant","status":"publish","type":"product","link":"https:\/\/gangnambeaute.com\/ar\/product\/cosrx-hydrium-triple-hyaluronic-moisturizing-cleanser-nettoyant\/","title":{"rendered":"COSRX &#8211; Hydrium Triple Hyaluronic Moisturizing Cleanser &#8211; Gel nettoyant &#8211; 150 ml"},"content":{"rendered":"<p><strong>Ce nettoyant sert \u00e0\u00a0hydrater intens\u00e9ment la peau d\u00e8s le nettoyage et \u00e0 pr\u00e9venir la s\u00e9cheresse gr\u00e2ce \u00e0 ses trois types d&rsquo;acide hyaluronique.<\/strong><\/p>","protected":false},"excerpt":{"rendered":"<p><strong>Massez une noisette sur votre\u00a0visage humide\u00a0pour cr\u00e9er une mousse onctueuse, puis rincez abondamment \u00e0 l&rsquo;eau ti\u00e8de.<\/strong><\/p>","protected":false},"featured_media":43644,"comment_status":"open","ping_status":"closed","template":"","meta":[],"product_brand":[1048],"product_cat":[346,360],"product_tag":[],"class_list":{"0":"post-30426","1":"product","2":"type-product","3":"status-publish","4":"has-post-thumbnail","6":"product_brand-cosrx-populare","7":"product_cat-nettoyants","8":"product_cat-gels-nettoyants","10":"first","11":"outofstock","12":"sale","13":"shipping-taxable","14":"purchasable","15":"product-type-simple"},"_links":{"self":[{"href":"https:\/\/gangnambeaute.com\/ar\/wp-json\/wp\/v2\/product\/30426","targetHints":{"allow":["GET"]}}],"collection":[{"href":"https:\/\/gangnambeaute.com\/ar\/wp-json\/wp\/v2\/product"}],"about":[{"href":"https:\/\/gangnambeaute.com\/ar\/wp-json\/wp\/v2\/types\/product"}],"replies":[{"embeddable":true,"href":"https:\/\/gangnambeaute.com\/ar\/wp-json\/wp\/v2\/comments?post=30426"}],"version-history":[{"count":7,"href":"https:\/\/gangnambeaute.com\/ar\/wp-json\/wp\/v2\/product\/30426\/revisions"}],"predecessor-version":[{"id":43643,"href":"https:\/\/gangnambeaute.com\/ar\/wp-json\/wp\/v2\/product\/30426\/revisions\/43643"}],"wp:featuredmedia":[{"embeddable":true,"href":"https:\/\/gangnambeaute.com\/ar\/wp-json\/wp\/v2\/media\/43644"}],"wp:attachment":[{"href":"https:\/\/gangnambeaute.com\/ar\/wp-json\/wp\/v2\/media?parent=30426"}],"wp:term":[{"taxonomy":"product_brand","embeddable":true,"href":"https:\/\/gangnambeaute.com\/ar\/wp-json\/wp\/v2\/product_brand?post=30426"},{"taxonomy":"product_cat","embeddable":true,"href":"https:\/\/gangnambeaute.com\/ar\/wp-json\/wp\/v2\/product_cat?post=30426"},{"taxonomy":"product_tag","embeddable":true,"href":"https:\/\/gangnambeaute.com\/ar\/wp-json\/wp\/v2\/product_tag?post=30426"}],"curies":[{"name":"wp","href":"https:\/\/api.w.org\/{rel}","templated":true}]}}