{"id":30422,"date":"2025-05-10T04:56:20","date_gmt":"2025-05-10T04:56:20","guid":{"rendered":"https:\/\/darkturquoise-squirrel-824428.hostingersite.com\/product\/cosrx-low-ph-good-morning-gel-cleanser-gel-nettoyant-au-ph-faible\/"},"modified":"2026-05-03T13:30:38","modified_gmt":"2026-05-03T13:30:38","slug":"cosrx-low-ph-good-morning-gel-cleanser-gel-nettoyant-au-ph-faible","status":"publish","type":"product","link":"https:\/\/gangnambeaute.com\/ar\/product\/cosrx-low-ph-good-morning-gel-cleanser-gel-nettoyant-au-ph-faible\/","title":{"rendered":"COSRX &#8211; Low pH Good Morning Gel Cleanser &#8211; Gel nettoyant &#8211; 150 ml"},"content":{"rendered":"<p><strong>Ce nettoyant sert \u00e0\u00a0purifier la peau en douceur et \u00e0 r\u00e9guler l&rsquo;exc\u00e8s de s\u00e9bum gr\u00e2ce au pH \u00e9quilibr\u00e9 et \u00e0 l&rsquo;huile d&rsquo;arbre \u00e0 th\u00e9.<\/strong><\/p>","protected":false},"excerpt":{"rendered":"<p><strong>Massez une noisette sur votre\u00a0visage humide\u00a0pour cr\u00e9er une mousse l\u00e9g\u00e8re, puis rincez abondamment \u00e0 l&rsquo;eau ti\u00e8de.<\/strong><\/p>","protected":false},"featured_media":43625,"comment_status":"open","ping_status":"closed","template":"","meta":[],"product_brand":[1048],"product_cat":[344,346,360],"product_tag":[666],"class_list":{"0":"post-30422","1":"product","2":"type-product","3":"status-publish","4":"has-post-thumbnail","6":"product_brand-cosrx-populare","7":"product_cat-skincare","8":"product_cat-nettoyants","9":"product_cat-gels-nettoyants","10":"product_tag-coupcoeur","12":"first","13":"instock","14":"sale","15":"shipping-taxable","16":"purchasable","17":"product-type-simple"},"_links":{"self":[{"href":"https:\/\/gangnambeaute.com\/ar\/wp-json\/wp\/v2\/product\/30422","targetHints":{"allow":["GET"]}}],"collection":[{"href":"https:\/\/gangnambeaute.com\/ar\/wp-json\/wp\/v2\/product"}],"about":[{"href":"https:\/\/gangnambeaute.com\/ar\/wp-json\/wp\/v2\/types\/product"}],"replies":[{"embeddable":true,"href":"https:\/\/gangnambeaute.com\/ar\/wp-json\/wp\/v2\/comments?post=30422"}],"version-history":[{"count":7,"href":"https:\/\/gangnambeaute.com\/ar\/wp-json\/wp\/v2\/product\/30422\/revisions"}],"predecessor-version":[{"id":43627,"href":"https:\/\/gangnambeaute.com\/ar\/wp-json\/wp\/v2\/product\/30422\/revisions\/43627"}],"wp:featuredmedia":[{"embeddable":true,"href":"https:\/\/gangnambeaute.com\/ar\/wp-json\/wp\/v2\/media\/43625"}],"wp:attachment":[{"href":"https:\/\/gangnambeaute.com\/ar\/wp-json\/wp\/v2\/media?parent=30422"}],"wp:term":[{"taxonomy":"product_brand","embeddable":true,"href":"https:\/\/gangnambeaute.com\/ar\/wp-json\/wp\/v2\/product_brand?post=30422"},{"taxonomy":"product_cat","embeddable":true,"href":"https:\/\/gangnambeaute.com\/ar\/wp-json\/wp\/v2\/product_cat?post=30422"},{"taxonomy":"product_tag","embeddable":true,"href":"https:\/\/gangnambeaute.com\/ar\/wp-json\/wp\/v2\/product_tag?post=30422"}],"curies":[{"name":"wp","href":"https:\/\/api.w.org\/{rel}","templated":true}]}}