{"id":40431,"date":"2026-02-06T04:58:06","date_gmt":"2026-02-06T04:58:06","guid":{"rendered":"https:\/\/gangnambeaute.com\/?page_id=40431"},"modified":"2026-02-06T05:02:15","modified_gmt":"2026-02-06T05:02:15","slug":"slider4","status":"publish","type":"page","link":"https:\/\/gangnambeaute.com\/ar\/slider4\/","title":{"rendered":"Slider4"},"content":{"rendered":"<div data-elementor-type=\"wp-page\" data-elementor-id=\"40431\" class=\"elementor elementor-40431\" data-elementor-post-type=\"page\">\n\t\t\t\t<div class=\"elementor-element elementor-element-bf61146 e-con-full e-flex e-con e-parent\" data-id=\"bf61146\" data-element_type=\"container\" data-e-type=\"container\" data-settings=\"{&quot;background_background&quot;:&quot;classic&quot;}\">\n\t\t<div class=\"elementor-element elementor-element-cdac875 e-con-full e-flex e-con e-child\" data-id=\"cdac875\" data-element_type=\"container\" data-e-type=\"container\">\n\t\t<div class=\"elementor-element elementor-element-a3c4fe9 e-con-full e-flex e-con e-child\" data-id=\"a3c4fe9\" data-element_type=\"container\" data-e-type=\"container\">\n\t\t\t\t<div class=\"elementor-element elementor-element-6d4b92d elementor-widget elementor-widget-heading\" data-id=\"6d4b92d\" data-element_type=\"widget\" data-e-type=\"widget\" data-widget_type=\"heading.default\">\n\t\t\t\t<div class=\"elementor-widget-container\">\n\t\t\t\t\t<h2 class=\"elementor-heading-title elementor-size-default\">LES TENDANCES DU MAQUILLAGE<\/h2>\t\t\t\t<\/div>\n\t\t\t\t<\/div>\n\t\t\t\t<div class=\"elementor-element elementor-element-057af87 elementor-invisible elementor-widget elementor-widget-heading\" data-id=\"057af87\" data-element_type=\"widget\" data-e-type=\"widget\" data-settings=\"{&quot;_animation&quot;:&quot;fadeInUp&quot;}\" data-widget_type=\"heading.default\">\n\t\t\t\t<div class=\"elementor-widget-container\">\n\t\t\t\t\t<h2 class=\"elementor-heading-title elementor-size-default\">D\u00e9couvrez l'univers du maquillage cor\u00e9en et laissez-vous s\u00e9duire par les derni\u00e8res tendances beaut\u00e9 venues tout droit de S\u00e9oul<\/h2>\t\t\t\t<\/div>\n\t\t\t\t<\/div>\n\t\t\t\t<div class=\"elementor-element elementor-element-d1ff739 color-scheme-inherit text-left elementor-invisible elementor-widget elementor-widget-text-editor\" data-id=\"d1ff739\" data-element_type=\"widget\" data-e-type=\"widget\" data-settings=\"{&quot;_animation&quot;:&quot;fadeInUp&quot;}\" data-widget_type=\"text-editor.default\">\n\t\t\t\t<div class=\"elementor-widget-container\">\n\t\t\t\t\t\t\t\t\t\u0645\u0643\u064a\u0627\u062c \u0645\u062b\u0644 \u0627\u0644\u0643\u0648\u0631\u064a\u064a\u0646.\t\t\t\t\t\t\t\t<\/div>\n\t\t\t\t<\/div>\n\t\t\t\t<div class=\"elementor-element elementor-element-bf6920e elementor-widget elementor-widget-sina_dynamic_button\" data-id=\"bf6920e\" data-element_type=\"widget\" data-e-type=\"widget\" data-widget_type=\"sina_dynamic_button.default\">\n\t\t\t\t<div class=\"elementor-widget-container\">\n\t\t\t\t\t\t\t<div class=\"sina-dynamic-button\">\r\n\t\t\t<a  class=\"sina-dynamic-btn\" href=\"https:\/\/gangnambeaute.com\/ar\/product-category\/maquillage\/\"\r\n\t\t\t\t\t\t\t\t\t\t\t\t>\r\n\t\t\t\t\t\t\tShop Now\t\t\t\t\t<\/a>\r\n\t\t<\/div><!-- .sina-dynamic-button -->\r\n\t\t\t\t\t\t<\/div>\n\t\t\t\t<\/div>\n\t\t\t\t<\/div>\n\t\t<div class=\"elementor-element elementor-element-d5f4762 e-con-full e-flex e-con e-child\" data-id=\"d5f4762\" data-element_type=\"container\" data-e-type=\"container\">\n\t\t\t\t<div class=\"elementor-element elementor-element-741232b cloude-move elementor-widget elementor-widget-image\" data-id=\"741232b\" data-element_type=\"widget\" data-e-type=\"widget\" data-widget_type=\"image.default\">\n\t\t\t\t<div class=\"elementor-widget-container\">\n\t\t\t\t\t\t\t\t\t\t\t\t\t\t\t<img fetchpriority=\"high\" decoding=\"async\" width=\"591\" height=\"422\" src=\"https:\/\/gangnambeaute.com\/wp-content\/uploads\/2026\/02\/Screenshot_2026-02-06_105610-removebg-preview.png\" class=\"attachment-large size-large wp-image-40434\" alt=\"Korean products in Morocco\" srcset=\"https:\/\/gangnambeaute.com\/wp-content\/uploads\/2026\/02\/Screenshot_2026-02-06_105610-removebg-preview.png 591w, https:\/\/gangnambeaute.com\/wp-content\/uploads\/2026\/02\/Screenshot_2026-02-06_105610-removebg-preview-400x286.png 400w, https:\/\/gangnambeaute.com\/wp-content\/uploads\/2026\/02\/Screenshot_2026-02-06_105610-removebg-preview-18x12.png 18w, https:\/\/gangnambeaute.com\/wp-content\/uploads\/2026\/02\/Screenshot_2026-02-06_105610-removebg-preview-430x307.png 430w, https:\/\/gangnambeaute.com\/wp-content\/uploads\/2026\/02\/Screenshot_2026-02-06_105610-removebg-preview-150x107.png 150w\" sizes=\"(max-width: 591px) 100vw, 591px\" \/>\t\t\t\t\t\t\t\t\t\t\t\t\t\t\t<\/div>\n\t\t\t\t<\/div>\n\t\t\t\t<\/div>\n\t\t\t\t<\/div>\n\t\t\t\t<\/div>\n\t\t\t\t<\/div>","protected":false},"excerpt":{"rendered":"<p>LES TENDANCES DU MAQUILLAGE D\u00e9couvrez l&rsquo;univers du maquillage cor\u00e9en et laissez-vous s\u00e9duire par les derni\u00e8res tendances beaut\u00e9 venues tout droit<\/p>","protected":false},"author":217,"featured_media":0,"parent":0,"menu_order":0,"comment_status":"closed","ping_status":"closed","template":"elementor_header_footer","meta":{"footnotes":""},"class_list":["post-40431","page","type-page","status-publish","hentry"],"_links":{"self":[{"href":"https:\/\/gangnambeaute.com\/ar\/wp-json\/wp\/v2\/pages\/40431","targetHints":{"allow":["GET"]}}],"collection":[{"href":"https:\/\/gangnambeaute.com\/ar\/wp-json\/wp\/v2\/pages"}],"about":[{"href":"https:\/\/gangnambeaute.com\/ar\/wp-json\/wp\/v2\/types\/page"}],"author":[{"embeddable":true,"href":"https:\/\/gangnambeaute.com\/ar\/wp-json\/wp\/v2\/users\/217"}],"replies":[{"embeddable":true,"href":"https:\/\/gangnambeaute.com\/ar\/wp-json\/wp\/v2\/comments?post=40431"}],"version-history":[{"count":4,"href":"https:\/\/gangnambeaute.com\/ar\/wp-json\/wp\/v2\/pages\/40431\/revisions"}],"predecessor-version":[{"id":40437,"href":"https:\/\/gangnambeaute.com\/ar\/wp-json\/wp\/v2\/pages\/40431\/revisions\/40437"}],"wp:attachment":[{"href":"https:\/\/gangnambeaute.com\/ar\/wp-json\/wp\/v2\/media?parent=40431"}],"curies":[{"name":"wp","href":"https:\/\/api.w.org\/{rel}","templated":true}]}}