{"id":29163,"date":"2025-04-29T02:11:55","date_gmt":"2025-04-29T02:11:55","guid":{"rendered":"https:\/\/darkturquoise-squirrel-824428.hostingersite.com\/?page_id=29163"},"modified":"2025-05-23T20:00:10","modified_gmt":"2025-05-23T20:00:10","slug":"demande-franchise-location-gerance","status":"publish","type":"page","link":"https:\/\/gangnambeaute.com\/ar\/demande-franchise-location-gerance\/","title":{"rendered":"\u0637\u0644\u0628 \u0627\u0645\u062a\u064a\u0627\u0632 \u0625\u062f\u0627\u0631\u0629 \u0627\u0644\u0625\u064a\u062c\u0627\u0631"},"content":{"rendered":"<div data-elementor-type=\"wp-page\" data-elementor-id=\"29163\" class=\"elementor elementor-29163\" data-elementor-post-type=\"page\">\n\t\t\t\t<div class=\"wd-negative-gap elementor-element elementor-element-9c81a21 e-flex e-con-boxed e-con e-parent\" data-id=\"9c81a21\" data-element_type=\"container\" data-e-type=\"container\">\n\t\t\t\t\t<div class=\"e-con-inner\">\n\t\t<div class=\"elementor-element elementor-element-8bd00ca e-con-full e-flex e-con e-child\" data-id=\"8bd00ca\" data-element_type=\"container\" data-e-type=\"container\">\n\t\t\t\t<div class=\"elementor-element elementor-element-179059b wd-width-100 elementor-widget elementor-widget-wd_title\" data-id=\"179059b\" data-element_type=\"widget\" data-e-type=\"widget\" data-widget_type=\"wd_title.default\">\n\t\t\t\t<div class=\"elementor-widget-container\">\n\t\t\t\t\t\t\t<div class=\"title-wrapper set-mb-s reset-last-child wd-title-color-default wd-title-style-default wd-title-size-default text-center\">\n\n\t\t\t\n\t\t\t<div class=\"liner-continer\">\n\t\t\t\t<h4 class=\"woodmart-title-container title wd-fontsize-l\">\u0627\u0646\u0636\u0645 \u0625\u0644\u0649 \u0645\u063a\u0627\u0645\u0631\u0629 \u062c\u0627\u0646\u062c\u0646\u0627\u0645 \u0628\u064a\u0648\u062a\u064a<\/h4> \n\t\t\t\t\t\t\t<\/div>\n\n\t\t\t\t\t\t\t<div class=\"title-after_title set-cont-mb-s reset-last-child wd-fontsize-xs\">\n\t\t\t\t\t<p>\u0647\u0644 \u0623\u0646\u062a \u0634\u063a\u0648\u0641 \u0628\u0645\u0633\u062a\u062d\u0636\u0631\u0627\u062a \u0627\u0644\u062a\u062c\u0645\u064a\u0644 \u0648\u062a\u062d\u0644\u0645 \u0628\u0623\u0646 \u062a\u0635\u0628\u062d \u0631\u0627\u0626\u062f \u0623\u0639\u0645\u0627\u0644\u061f \u063a\u0627\u0646\u063a\u0646\u0627\u0645<br \/>\u062a\u0642\u062f\u0645 \u0644\u0643 Beaut\u00e9 \u0627\u0644\u0641\u0631\u0635\u0629 \u0644\u0644\u0627\u0646\u0636\u0645\u0627\u0645 \u0625\u0644\u0649 \u0634\u0628\u0643\u0629 \u0627\u0644\u0627\u0645\u062a\u064a\u0627\u0632 \u0627\u0644\u062e\u0627\u0635\u0629 \u0628\u0647\u0627 \u0648\u0627\u0644\u0627\u0633\u062a\u0641\u0627\u062f\u0629 \u0645\u0646<br \/>\u062e\u0628\u0631\u062a\u0646\u0627 \u0641\u064a \u0645\u062c\u0627\u0644 \u0627\u0644\u062c\u0645\u0627\u0644 \u0627\u0644\u0643\u0648\u0631\u064a \u0641\u064a \u0627\u0644\u0645\u063a\u0631\u0628. \u0646\u062f\u0639\u0645\u0643\u0645 \u0641\u064a<br \/>\u0643\u0644 \u062e\u0637\u0648\u0629\u060c \u0645\u0646 \u0627\u0644\u062a\u062f\u0631\u064a\u0628 \u0625\u0644\u0649 \u0627\u0644\u062a\u0648\u0627\u0635\u0644\u060c \u0644\u0645\u0633\u0627\u0639\u062f\u062a\u0643 \u0639\u0644\u0649 \u062a\u0637\u0648\u064a\u0631 \u0645\u0647\u0627\u0631\u0627\u062a\u0643<br \/>\u0639\u0645\u0644 \u062a\u062c\u0627\u0631\u064a \u0646\u0627\u062c\u062d.<\/p>\t\t\t\t<\/div>\n\t\t\t\t\t<\/div>\n\t\t\t\t\t\t<\/div>\n\t\t\t\t<\/div>\n\t\t\t\t<\/div>\n\t\t\t\t\t<\/div>\n\t\t\t\t<\/div>\n\t\t<div class=\"wd-negative-gap elementor-element elementor-element-7720fc0 e-flex e-con-boxed e-con e-parent\" data-id=\"7720fc0\" data-element_type=\"container\" data-e-type=\"container\">\n\t\t\t\t\t<div class=\"e-con-inner\">\n\t\t<div class=\"elementor-element elementor-element-a63b7e5 e-con-full e-flex e-con e-child\" data-id=\"a63b7e5\" data-element_type=\"container\" data-e-type=\"container\">\n\t\t\t\t<\/div>\n\t\t<div class=\"elementor-element elementor-element-e3a8be6 e-con-full e-flex e-con e-child\" data-id=\"e3a8be6\" data-element_type=\"container\" data-e-type=\"container\">\n\t\t\t\t<div class=\"elementor-element elementor-element-80cd858 wd-width-100 elementor-widget elementor-widget-wd_title\" data-id=\"80cd858\" data-element_type=\"widget\" data-e-type=\"widget\" data-widget_type=\"wd_title.default\">\n\t\t\t\t<div class=\"elementor-widget-container\">\n\t\t\t\t\t\t\t<div class=\"title-wrapper set-mb-s reset-last-child wd-title-color-default wd-title-style-default wd-title-size-default text-center\">\n\n\t\t\t\n\t\t\t<div class=\"liner-continer\">\n\t\t\t\t<h4 class=\"woodmart-title-container title wd-fontsize-l\">\u0648\u0636\u0639\u0627\u0646 \u0644\u0644\u0645\u0634\u0627\u0631\u0643\u0629 \u0627\u0644\u062a\u062c\u0627\u0631\u064a\u0629<\/h4> \n\t\t\t\t\t\t\t<\/div>\n\n\t\t\t\t\t<\/div>\n\t\t\t\t\t\t<\/div>\n\t\t\t\t<\/div>\n\t\t\t\t<\/div>\n\t\t<div class=\"elementor-element elementor-element-454bd64 e-con-full e-flex e-con e-child\" data-id=\"454bd64\" data-element_type=\"container\" data-e-type=\"container\">\n\t\t\t\t<\/div>\n\t\t\t\t\t<\/div>\n\t\t\t\t<\/div>\n\t\t\t\t<section class=\"wd-negative-gap elementor-section elementor-top-section elementor-element elementor-element-75cdf74 elementor-section-stretched elementor-section-boxed elementor-section-height-default elementor-section-height-default\" data-id=\"75cdf74\" data-element_type=\"section\" data-e-type=\"section\" data-settings=\"{&quot;stretch_section&quot;:&quot;section-stretched&quot;}\">\n\t\t\t\t\t\t<div class=\"elementor-container elementor-column-gap-default\">\n\t\t\t\t\t<div class=\"elementor-column elementor-col-33 elementor-top-column elementor-element elementor-element-72c065b elementor-invisible\" data-id=\"72c065b\" data-element_type=\"column\" data-e-type=\"column\" data-settings=\"{&quot;animation&quot;:&quot;fadeInLeft&quot;}\">\n\t\t\t<div class=\"elementor-widget-wrap elementor-element-populated\">\n\t\t\t\t\t\t<div class=\"elementor-element elementor-element-1b74803 elementor-view-stacked elementor-shape-circle elementor-position-block-start elementor-mobile-position-block-start elementor-widget elementor-widget-icon-box\" data-id=\"1b74803\" data-element_type=\"widget\" data-e-type=\"widget\" data-widget_type=\"icon-box.default\">\n\t\t\t\t<div class=\"elementor-widget-container\">\n\t\t\t\t\t\t\t<div class=\"elementor-icon-box-wrapper\">\n\n\t\t\t\t\t\t<div class=\"elementor-icon-box-icon\">\n\t\t\t\t<span  class=\"elementor-icon\">\n\t\t\t\t<i aria-hidden=\"true\" class=\"tb-icon tb-icon-blur\"><\/i>\t\t\t\t<\/span>\n\t\t\t<\/div>\n\t\t\t\n\t\t\t\t\t\t<div class=\"elementor-icon-box-content\">\n\n\t\t\t\t\t\t\t\t\t<h3 class=\"elementor-icon-box-title\">\n\t\t\t\t\t\t<span  >\n\t\t\t\t\t\t\t \u0627\u0644\u0627\u0645\u062a\u064a\u0627\u0632\t\t\t\t\t\t<\/span>\n\t\t\t\t\t<\/h3>\n\t\t\t\t\n\t\t\t\t\t\t\t\t\t<p class=\"elementor-icon-box-description\">\n\t\t\t\t\t\t\u0628\u0635\u0641\u062a\u0643 \u0645\u0627\u0644\u0643\u064b\u0627 \u0644\u0634\u0631\u0643\u062a\u0643\u060c \u0641\u0623\u0646\u062a \u062a\u062f\u064a\u0631 \u0645\u062a\u062c\u0631 \u062c\u0627\u0646\u062c\u0646\u0627\u0645 \u0628\u064a\u0648\u062a\u064a \u0627\u0644\u062e\u0627\u0635 \u0628\u0643 \u0628\u0634\u0643\u0644 \u0645\u0633\u062a\u0642\u0644\u060c \u0645\u0633\u062a\u0641\u064a\u062f\u064b\u0627 \u0645\u0646 \u0642\u0648\u0629 \u0639\u0644\u0627\u0645\u062a\u0646\u0627 \u0627\u0644\u062a\u062c\u0627\u0631\u064a\u0629 \u0648\u062e\u0628\u0631\u062a\u0646\u0627 \u0641\u064a \u0645\u062c\u0627\u0644 \u0627\u0644\u062c\u0645\u0627\u0644 \u0627\u0644\u0643\u0648\u0631\u064a. \u0628\u0627\u062e\u062a\u064a\u0627\u0631\u0643 \u0627\u0645\u062a\u064a\u0627\u0632\u064b\u0627 \u062a\u062c\u0627\u0631\u064a\u064b\u0627\u060c \u0641\u0623\u0646\u062a \u062a\u0628\u0646\u064a \u0623\u064a\u0636\u064b\u0627 \u0623\u0633\u0627\u0633\u064b\u0627 \u0631\u0627\u0633\u062e\u064b\u0627 \u0644\u0645\u0633\u062a\u0642\u0628\u0644\u0643.\t\t\t\t\t<\/p>\n\t\t\t\t\n\t\t\t<\/div>\n\t\t\t\n\t\t<\/div>\n\t\t\t\t\t\t<\/div>\n\t\t\t\t<\/div>\n\t\t\t\t\t<\/div>\n\t\t<\/div>\n\t\t\t\t<div class=\"elementor-column elementor-col-33 elementor-top-column elementor-element elementor-element-d627cd5 elementor-invisible\" data-id=\"d627cd5\" data-element_type=\"column\" data-e-type=\"column\" data-settings=\"{&quot;animation&quot;:&quot;fadeInLeft&quot;}\">\n\t\t\t<div class=\"elementor-widget-wrap elementor-element-populated\">\n\t\t\t\t\t\t<div class=\"elementor-element elementor-element-e7b818a elementor-hidden-tablet elementor-hidden-mobile elementor-invisible elementor-widget elementor-widget-image\" data-id=\"e7b818a\" data-element_type=\"widget\" data-e-type=\"widget\" data-settings=\"{&quot;_animation&quot;:&quot;zoomIn&quot;}\" data-widget_type=\"image.default\">\n\t\t\t\t<div class=\"elementor-widget-container\">\n\t\t\t\t\t\t\t\t\t\t\t\t\t\t\t<img fetchpriority=\"high\" decoding=\"async\" width=\"800\" height=\"241\" src=\"https:\/\/gangnambeaute.com\/wp-content\/uploads\/2025\/04\/pngwing.com-1.png\" class=\"attachment-large size-large wp-image-29172\" alt=\"\" srcset=\"https:\/\/gangnambeaute.com\/wp-content\/uploads\/2025\/04\/pngwing.com-1.png 800w, https:\/\/gangnambeaute.com\/wp-content\/uploads\/2025\/04\/pngwing.com-1-400x121.png 400w, https:\/\/gangnambeaute.com\/wp-content\/uploads\/2025\/04\/pngwing.com-1-768x231.png 768w, https:\/\/gangnambeaute.com\/wp-content\/uploads\/2025\/04\/pngwing.com-1-430x130.png 430w, https:\/\/gangnambeaute.com\/wp-content\/uploads\/2025\/04\/pngwing.com-1-700x211.png 700w, https:\/\/gangnambeaute.com\/wp-content\/uploads\/2025\/04\/pngwing.com-1-150x45.png 150w\" sizes=\"(max-width: 800px) 100vw, 800px\" \/>\t\t\t\t\t\t\t\t\t\t\t\t\t\t\t<\/div>\n\t\t\t\t<\/div>\n\t\t\t\t\t<\/div>\n\t\t<\/div>\n\t\t\t\t<div class=\"elementor-column elementor-col-33 elementor-top-column elementor-element elementor-element-df762f6\" data-id=\"df762f6\" data-element_type=\"column\" data-e-type=\"column\">\n\t\t\t<div class=\"elementor-widget-wrap elementor-element-populated\">\n\t\t\t\t\t\t<div class=\"elementor-element elementor-element-4b66bf1 elementor-view-stacked elementor-shape-circle elementor-position-block-start elementor-mobile-position-block-start elementor-widget elementor-widget-icon-box\" data-id=\"4b66bf1\" data-element_type=\"widget\" data-e-type=\"widget\" data-widget_type=\"icon-box.default\">\n\t\t\t\t<div class=\"elementor-widget-container\">\n\t\t\t\t\t\t\t<div class=\"elementor-icon-box-wrapper\">\n\n\t\t\t\t\t\t<div class=\"elementor-icon-box-icon\">\n\t\t\t\t<span  class=\"elementor-icon\">\n\t\t\t\t<i aria-hidden=\"true\" class=\"tb-icon tb-icon-pet\"><\/i>\t\t\t\t<\/span>\n\t\t\t<\/div>\n\t\t\t\n\t\t\t\t\t\t<div class=\"elementor-icon-box-content\">\n\n\t\t\t\t\t\t\t\t\t<h3 class=\"elementor-icon-box-title\">\n\t\t\t\t\t\t<span  >\n\t\t\t\t\t\t\t   \u0625\u062f\u0627\u0631\u0629 \u0627\u0644\u0625\u064a\u062c\u0627\u0631\u0627\u062a\t\t\t\t\t\t<\/span>\n\t\t\t\t\t<\/h3>\n\t\t\t\t\n\t\t\t\t\t\t\t\t\t<p class=\"elementor-icon-box-description\">\n\t\t\t\t\t\t\u0628\u0627\u0633\u062a\u062b\u0645\u0627\u0631 \u0623\u0648\u0644\u064a \u0645\u062d\u062f\u0648\u062f\u060c \u064a\u0645\u0643\u0646\u0643\u0650 \u062a\u0634\u063a\u064a\u0644 \u0645\u062a\u062c\u0631 \u062c\u0627\u0646\u062c\u0646\u0627\u0645 \u0628\u064a\u0648\u062a\u064a\u0647 \u062c\u0627\u0647\u0632 \u0644\u0644\u0627\u0633\u062a\u062e\u062f\u0627\u0645\u060c \u0645\u0633\u062a\u0642\u0644 \u0628\u0627\u0644\u0643\u0627\u0645\u0644\u060c \u0645\u0633\u062a\u0641\u064a\u062f\u0629\u064b \u0645\u0646 \u062f\u0639\u0645\u0646\u0627 \u0648\u0633\u0645\u0639\u0629 \u0639\u0644\u0627\u0645\u062a\u0646\u0627 \u0627\u0644\u062a\u062c\u0627\u0631\u064a\u0629. \u0627\u0644\u0634\u0631\u0643\u0629 \u0645\u0645\u0644\u0648\u0643\u0629 \u0644\u0634\u0631\u0643\u0629 SISTERS COS.\t\t\t\t\t<\/p>\n\t\t\t\t\n\t\t\t<\/div>\n\t\t\t\n\t\t<\/div>\n\t\t\t\t\t\t<\/div>\n\t\t\t\t<\/div>\n\t\t\t\t\t<\/div>\n\t\t<\/div>\n\t\t\t\t\t<\/div>\n\t\t<\/section>\n\t\t\t\t<\/div>","protected":false},"excerpt":{"rendered":"<p>REJOINDRE L\u2019AVENTURE GANGNAM BEAUTE Vous \u00eates passionn\u00e9(e) par la cosm\u00e9tique et r\u00eavez de devenir entrepreneur ? GangnamBeaut\u00e9 vous offre lopportunit\u00e9<\/p>","protected":false},"author":8,"featured_media":0,"parent":0,"menu_order":0,"comment_status":"closed","ping_status":"closed","template":"","meta":{"footnotes":""},"class_list":["post-29163","page","type-page","status-publish","hentry"],"_links":{"self":[{"href":"https:\/\/gangnambeaute.com\/ar\/wp-json\/wp\/v2\/pages\/29163","targetHints":{"allow":["GET"]}}],"collection":[{"href":"https:\/\/gangnambeaute.com\/ar\/wp-json\/wp\/v2\/pages"}],"about":[{"href":"https:\/\/gangnambeaute.com\/ar\/wp-json\/wp\/v2\/types\/page"}],"author":[{"embeddable":true,"href":"https:\/\/gangnambeaute.com\/ar\/wp-json\/wp\/v2\/users\/8"}],"replies":[{"embeddable":true,"href":"https:\/\/gangnambeaute.com\/ar\/wp-json\/wp\/v2\/comments?post=29163"}],"version-history":[{"count":33,"href":"https:\/\/gangnambeaute.com\/ar\/wp-json\/wp\/v2\/pages\/29163\/revisions"}],"predecessor-version":[{"id":32034,"href":"https:\/\/gangnambeaute.com\/ar\/wp-json\/wp\/v2\/pages\/29163\/revisions\/32034"}],"wp:attachment":[{"href":"https:\/\/gangnambeaute.com\/ar\/wp-json\/wp\/v2\/media?parent=29163"}],"curies":[{"name":"wp","href":"https:\/\/api.w.org\/{rel}","templated":true}]}}