{"id":28386,"date":"2025-04-21T12:10:04","date_gmt":"2025-04-21T12:10:04","guid":{"rendered":"https:\/\/darkturquoise-squirrel-824428.hostingersite.com\/?page_id=28386"},"modified":"2025-06-30T18:29:10","modified_gmt":"2025-06-30T18:29:10","slug":"faq","status":"publish","type":"page","link":"https:\/\/gangnambeaute.com\/ar\/faq\/","title":{"rendered":"QUESTIONS ET REPONSES"},"content":{"rendered":"<div data-elementor-type=\"wp-page\" data-elementor-id=\"28386\" class=\"elementor elementor-28386\" data-elementor-post-type=\"page\">\n\t\t\t\t<div class=\"elementor-element elementor-element-7e3e87d e-flex e-con-boxed e-con e-parent\" data-id=\"7e3e87d\" data-element_type=\"container\" data-e-type=\"container\">\n\t\t\t\t\t<div class=\"e-con-inner\">\n\t\t\t\t<div class=\"elementor-element elementor-element-dedd711 wd-width-100 elementor-widget elementor-widget-wd_title\" data-id=\"dedd711\" data-element_type=\"widget\" data-e-type=\"widget\" data-widget_type=\"wd_title.default\">\n\t\t\t\t<div class=\"elementor-widget-container\">\n\t\t\t\t\t\t\t<div class=\"title-wrapper set-mb-s reset-last-child wd-title-color-default wd-title-style-default wd-title-size-default text-left\">\n\n\t\t\t\n\t\t\t<div class=\"liner-continer\">\n\t\t\t\t<h4 class=\"woodmart-title-container title wd-fontsize-l\">Aide : les questions les plus fr\u00e9quentes<\/h4> \n\t\t\t\t\t\t\t<\/div>\n\n\t\t\t\t\t\t\t<div class=\"title-after_title set-cont-mb-s reset-last-child wd-fontsize-xs\">\n\t\t\t\t\t<p>Trouvez les r\u00e9ponses que vous cherchez parmi les th\u00e9matiques suivantes :<\/p>\t\t\t\t<\/div>\n\t\t\t\t\t<\/div>\n\t\t\t\t\t\t<\/div>\n\t\t\t\t<\/div>\n\t\t\t\t\t<\/div>\n\t\t\t\t<\/div>\n\t\t<div class=\"elementor-element elementor-element-7d3d471 e-flex e-con-boxed e-con e-parent\" data-id=\"7d3d471\" data-element_type=\"container\" data-e-type=\"container\">\n\t\t\t\t\t<div class=\"e-con-inner\">\n\t\t<div class=\"elementor-element elementor-element-4819e5d e-con-full e-flex e-con e-child\" data-id=\"4819e5d\" data-element_type=\"container\" data-e-type=\"container\">\n\t\t\t\t<div class=\"elementor-element elementor-element-51d7eb1 elementor-widget elementor-widget-image\" data-id=\"51d7eb1\" data-element_type=\"widget\" data-e-type=\"widget\" data-widget_type=\"image.default\">\n\t\t\t\t<div class=\"elementor-widget-container\">\n\t\t\t\t\t\t\t\t\t\t\t\t<figure class=\"wp-caption\">\n\t\t\t\t\t\t\t\t\t\t<img fetchpriority=\"high\" decoding=\"async\" width=\"380\" height=\"300\" src=\"https:\/\/gangnambeaute.com\/wp-content\/uploads\/2025\/06\/Screenshot-2025-06-11-at-12.47.02-380x300.png\" class=\"attachment-medium size-medium wp-image-32484\" alt=\"\" srcset=\"https:\/\/gangnambeaute.com\/wp-content\/uploads\/2025\/06\/Screenshot-2025-06-11-at-12.47.02-380x300.png 380w, https:\/\/gangnambeaute.com\/wp-content\/uploads\/2025\/06\/Screenshot-2025-06-11-at-12.47.02-1012x800.png 1012w, https:\/\/gangnambeaute.com\/wp-content\/uploads\/2025\/06\/Screenshot-2025-06-11-at-12.47.02-768x607.png 768w, https:\/\/gangnambeaute.com\/wp-content\/uploads\/2025\/06\/Screenshot-2025-06-11-at-12.47.02-430x340.png 430w, https:\/\/gangnambeaute.com\/wp-content\/uploads\/2025\/06\/Screenshot-2025-06-11-at-12.47.02-700x553.png 700w, https:\/\/gangnambeaute.com\/wp-content\/uploads\/2025\/06\/Screenshot-2025-06-11-at-12.47.02-150x119.png 150w, https:\/\/gangnambeaute.com\/wp-content\/uploads\/2025\/06\/Screenshot-2025-06-11-at-12.47.02.png 1516w\" sizes=\"(max-width: 380px) 100vw, 380px\" \/>\t\t\t\t\t\t\t\t\t\t\t<figcaption class=\"widget-image-caption wp-caption-text\"><\/figcaption>\n\t\t\t\t\t\t\t\t\t\t<\/figure>\n\t\t\t\t\t\t\t\t\t<\/div>\n\t\t\t\t<\/div>\n\t\t\t\t<div class=\"elementor-element elementor-element-757df21 elementor-widget elementor-widget-heading\" data-id=\"757df21\" data-element_type=\"widget\" data-e-type=\"widget\" data-widget_type=\"heading.default\">\n\t\t\t\t<div class=\"elementor-widget-container\">\n\t\t\t\t\t<h2 class=\"elementor-heading-title elementor-size-default\">NOS PRODUITS<\/h2>\t\t\t\t<\/div>\n\t\t\t\t<\/div>\n\t\t\t\t<\/div>\n\t\t<div class=\"elementor-element elementor-element-a52e7b2 e-con-full e-flex e-con e-child\" data-id=\"a52e7b2\" data-element_type=\"container\" data-e-type=\"container\">\n\t\t\t\t<div class=\"elementor-element elementor-element-d7cce57 elementor-widget elementor-widget-wd_accordion\" data-id=\"d7cce57\" data-element_type=\"widget\" data-e-type=\"widget\" data-widget_type=\"wd_accordion.default\">\n\t\t\t\t<div class=\"elementor-widget-container\">\n\t\t\t\t\t\n\t\t<div class=\"wd-accordion wd-style-simple\" data-state=\"all_closed\">\n\t\t\t\t\t\t\t\n\t\t\t\t<div class=\"wd-accordion-item\">\n\t\t\t\t\t<div class=\"wd-accordion-title text-left wd-opener-pos-left\" data-accordion-index=\"0\">\n\t\t\t\t\t\t<div class=\"wd-accordion-title-text\">\n\t\t\t\t\t\t\t\t\t\t\t\t\t\t<span>\n\t\t\t\t\t\t\t\t Les produits vendus sur Gangnambeaute.ma sont-ils authentiques ?\t\t\t\t\t\t\t<\/span>\n\t\t\t\t\t\t<\/div>\n\t\t\t\t\t\t<span class=\"wd-accordion-opener wd-opener-style-arrow\"><\/span>\n\t\t\t\t\t<\/div>\n\n\t\t\t\t\t<div class=\"wd-accordion-content reset-last-child\" data-accordion-index=\"0\">\n\t\t\t\t\t\t\t\t\t\t\t\t\t\n\t\t\t\t\t\t\t<p><span class=\"s8\">Absolument ! Chez Gangnambeaute, nous nous engageons \u00e0 ne vendre que des produits 100 % authentiques, directement sourc\u00e9s aupr\u00e8s des marques cor\u00e9ennes <\/span><span class=\"s8\">.Autant que distributeur officiel ,n<\/span><span class=\"s8\">ous garantissons la qualit\u00e9 et l'originalit\u00e9 de chaque article.<\/span><\/p>\n\t\t\t\t\t\t\t\t\t\t\t\t\t\t\t\t\t\t<\/div>\n\t\t\t\t<\/div>\n\t\t\t\t\t\t\t\n\t\t\t\t<div class=\"wd-accordion-item\">\n\t\t\t\t\t<div class=\"wd-accordion-title text-left wd-opener-pos-left\" data-accordion-index=\"1\">\n\t\t\t\t\t\t<div class=\"wd-accordion-title-text\">\n\t\t\t\t\t\t\t\t\t\t\t\t\t\t<span>\n\t\t\t\t\t\t\t\tComment choisir les produits adapt\u00e9s \u00e0 mon type de peau et \u00e0 mes pr\u00e9occupations ?\t\t\t\t\t\t\t<\/span>\n\t\t\t\t\t\t<\/div>\n\t\t\t\t\t\t<span class=\"wd-accordion-opener wd-opener-style-arrow\"><\/span>\n\t\t\t\t\t<\/div>\n\n\t\t\t\t\t<div class=\"wd-accordion-content reset-last-child\" data-accordion-index=\"1\">\n\t\t\t\t\t\t\t\t\t\t\t\t\t\n\t\t\t\t\t\t\t<p>Pour vous aider \u00e0 faire le meilleur choix, chaque fiche produit sur Gangnambeaute.ma inclut une description d\u00e9taill\u00e9e, la liste des ingr\u00e9dients cl\u00e9s, et des recommandations pour les types de peau. Vous pouvez \u00e9galement consulter notre blog pour des conseils personnalis\u00e9s ou nous contacter si vous avez besoin d'une assistance sp\u00e9cifique.<\/p>\n\t\t\t\t\t\t\t\t\t\t\t\t\t\t\t\t\t\t<\/div>\n\t\t\t\t<\/div>\n\t\t\t\t\t\t\t\n\t\t\t\t<div class=\"wd-accordion-item\">\n\t\t\t\t\t<div class=\"wd-accordion-title text-left wd-opener-pos-left\" data-accordion-index=\"2\">\n\t\t\t\t\t\t<div class=\"wd-accordion-title-text\">\n\t\t\t\t\t\t\t\t\t\t\t\t\t\t<span>\n\t\t\t\t\t\t\t\tQuelle est la dur\u00e9e de vie des produits cor\u00e9ens ? Comment interpr\u00e9ter les dates sur les emballages ?\t\t\t\t\t\t\t<\/span>\n\t\t\t\t\t\t<\/div>\n\t\t\t\t\t\t<span class=\"wd-accordion-opener wd-opener-style-arrow\"><\/span>\n\t\t\t\t\t<\/div>\n\n\t\t\t\t\t<div class=\"wd-accordion-content reset-last-child\" data-accordion-index=\"2\">\n\t\t\t\t\t\t\t\t\t\t\t\t\t\n\t\t\t\t\t\t\t<p><span class=\"s8\">La plupart des produits cosm\u00e9tiques cor\u00e9ens affichent une <\/span><span class=\"s6\">date de fabrication (<\/span><span class=\"s6\">\uc81c\uc870<\/span><span class=\"s6\">)<\/span><span class=\"s8\">et\/ou une <\/span><span class=\"s6\">date de p\u00e9remption (<\/span><span class=\"s6\">\uae4c\uc9c0<\/span><span class=\"s6\">)<\/span><span class=\"s8\">. Une fois ouverts, la p\u00e9riode d'utilisation apr\u00e8s ouverture (PAO) est indiqu\u00e9e par un pictogramme en forme de pot ouvert (ex: \"12M\" pour 12 mois). Nous veillons \u00e0 ce que les produits que nous exp\u00e9dions aient une dur\u00e9e de vie optimale.<\/span><\/p>\n\t\t\t\t\t\t\t\t\t\t\t\t\t\t\t\t\t\t<\/div>\n\t\t\t\t<\/div>\n\t\t\t\t\t\t\t\n\t\t\t\t<div class=\"wd-accordion-item\">\n\t\t\t\t\t<div class=\"wd-accordion-title text-left wd-opener-pos-left\" data-accordion-index=\"3\">\n\t\t\t\t\t\t<div class=\"wd-accordion-title-text\">\n\t\t\t\t\t\t\t\t\t\t\t\t\t\t<span>\n\t\t\t\t\t\t\t\tLes produits cosm\u00e9tiques cor\u00e9ens conviennent-ils aux peaux marocaines ? \t\t\t\t\t\t\t<\/span>\n\t\t\t\t\t\t<\/div>\n\t\t\t\t\t\t<span class=\"wd-accordion-opener wd-opener-style-arrow\"><\/span>\n\t\t\t\t\t<\/div>\n\n\t\t\t\t\t<div class=\"wd-accordion-content reset-last-child\" data-accordion-index=\"3\">\n\t\t\t\t\t\t\t\t\t\t\t\t\t\n\t\t\t\t\t\t\t<p>Oui, tout \u00e0 fait ! Les produits cor\u00e9ens sont r\u00e9put\u00e9s pour leur diversit\u00e9 et leur formulation douce, ce qui les rend adapt\u00e9s \u00e0 une large gamme de types de peau, y compris ceux des consommateurs marocains. Que vous ayez une peau s\u00e8che, grasse, mixte ou sensible, vous trouverez des produits adapt\u00e9s \u00e0 vos besoins sp\u00e9cifiques.<\/p>\n\t\t\t\t\t\t\t\t\t\t\t\t\t\t\t\t\t\t<\/div>\n\t\t\t\t<\/div>\n\t\t\t\t\t\t\t\n\t\t\t\t<div class=\"wd-accordion-item\">\n\t\t\t\t\t<div class=\"wd-accordion-title text-left wd-opener-pos-left\" data-accordion-index=\"4\">\n\t\t\t\t\t\t<div class=\"wd-accordion-title-text\">\n\t\t\t\t\t\t\t\t\t\t\t\t\t\t<span>\n\t\t\t\t\t\t\t\tQue faire si je re\u00e7ois un produit endommag\u00e9 ou qui ne correspond pas \u00e0 ma commande ?\t\t\t\t\t\t\t<\/span>\n\t\t\t\t\t\t<\/div>\n\t\t\t\t\t\t<span class=\"wd-accordion-opener wd-opener-style-arrow\"><\/span>\n\t\t\t\t\t<\/div>\n\n\t\t\t\t\t<div class=\"wd-accordion-content reset-last-child\" data-accordion-index=\"4\">\n\t\t\t\t\t\t\t\t\t\t\t\t\t\n\t\t\t\t\t\t\t<p><span class=\"s8\">Si un produit arrive endommag\u00e9 ou s'il y a une erreur dans votre commande, veuillez nous contacter imm\u00e9diatement (dans les <\/span><span class=\"s8\">24<\/span><span class=\"s8\"> heures suivant la r\u00e9ception) avec une photo du produit et votre num\u00e9ro de commande. Nous ferons le n\u00e9cessaire pour r\u00e9soudre la situation rapidement et vous offrir une solution satisfaisante.<\/span><\/p>\n\t\t\t\t\t\t\t\t\t\t\t\t\t\t\t\t\t\t<\/div>\n\t\t\t\t<\/div>\n\t\t\t\t\t<\/div>\n\t\t\t\t\t\t<\/div>\n\t\t\t\t<\/div>\n\t\t\t\t<\/div>\n\t\t\t\t\t<\/div>\n\t\t\t\t<\/div>\n\t\t<div class=\"elementor-element elementor-element-f790b5a e-flex e-con-boxed e-con e-parent\" data-id=\"f790b5a\" data-element_type=\"container\" data-e-type=\"container\">\n\t\t\t\t\t<div class=\"e-con-inner\">\n\t\t<div class=\"elementor-element elementor-element-03709a1 e-con-full e-flex e-con e-child\" data-id=\"03709a1\" data-element_type=\"container\" data-e-type=\"container\">\n\t\t\t\t<div class=\"elementor-element elementor-element-b18daf5 elementor-widget elementor-widget-image\" data-id=\"b18daf5\" data-element_type=\"widget\" data-e-type=\"widget\" data-widget_type=\"image.default\">\n\t\t\t\t<div class=\"elementor-widget-container\">\n\t\t\t\t\t\t\t\t\t\t\t\t<figure class=\"wp-caption\">\n\t\t\t\t\t\t\t\t\t\t<img decoding=\"async\" width=\"400\" height=\"298\" src=\"https:\/\/gangnambeaute.com\/wp-content\/uploads\/2025\/06\/Screenshot-2025-06-11-at-12.47.56-400x298.png\" class=\"attachment-medium size-medium wp-image-32485\" alt=\"\" srcset=\"https:\/\/gangnambeaute.com\/wp-content\/uploads\/2025\/06\/Screenshot-2025-06-11-at-12.47.56-400x298.png 400w, https:\/\/gangnambeaute.com\/wp-content\/uploads\/2025\/06\/Screenshot-2025-06-11-at-12.47.56-1073x800.png 1073w, https:\/\/gangnambeaute.com\/wp-content\/uploads\/2025\/06\/Screenshot-2025-06-11-at-12.47.56-768x573.png 768w, https:\/\/gangnambeaute.com\/wp-content\/uploads\/2025\/06\/Screenshot-2025-06-11-at-12.47.56-430x321.png 430w, https:\/\/gangnambeaute.com\/wp-content\/uploads\/2025\/06\/Screenshot-2025-06-11-at-12.47.56-700x522.png 700w, https:\/\/gangnambeaute.com\/wp-content\/uploads\/2025\/06\/Screenshot-2025-06-11-at-12.47.56-150x112.png 150w, https:\/\/gangnambeaute.com\/wp-content\/uploads\/2025\/06\/Screenshot-2025-06-11-at-12.47.56.png 1446w\" sizes=\"(max-width: 400px) 100vw, 400px\" \/>\t\t\t\t\t\t\t\t\t\t\t<figcaption class=\"widget-image-caption wp-caption-text\"><\/figcaption>\n\t\t\t\t\t\t\t\t\t\t<\/figure>\n\t\t\t\t\t\t\t\t\t<\/div>\n\t\t\t\t<\/div>\n\t\t\t\t<div class=\"elementor-element elementor-element-320843e elementor-widget elementor-widget-heading\" data-id=\"320843e\" data-element_type=\"widget\" data-e-type=\"widget\" data-widget_type=\"heading.default\">\n\t\t\t\t<div class=\"elementor-widget-container\">\n\t\t\t\t\t<h2 class=\"elementor-heading-title elementor-size-default\">MA LIVRAISON<\/h2>\t\t\t\t<\/div>\n\t\t\t\t<\/div>\n\t\t\t\t<\/div>\n\t\t<div class=\"elementor-element elementor-element-4b29b25 e-con-full e-flex e-con e-child\" data-id=\"4b29b25\" data-element_type=\"container\" data-e-type=\"container\">\n\t\t\t\t<div class=\"elementor-element elementor-element-7127c8b elementor-widget elementor-widget-wd_accordion\" data-id=\"7127c8b\" data-element_type=\"widget\" data-e-type=\"widget\" data-widget_type=\"wd_accordion.default\">\n\t\t\t\t<div class=\"elementor-widget-container\">\n\t\t\t\t\t\n\t\t<div class=\"wd-accordion wd-style-simple\" data-state=\"all_closed\">\n\t\t\t\t\t\t\t\n\t\t\t\t<div class=\"wd-accordion-item\">\n\t\t\t\t\t<div class=\"wd-accordion-title text-left wd-opener-pos-left\" data-accordion-index=\"0\">\n\t\t\t\t\t\t<div class=\"wd-accordion-title-text\">\n\t\t\t\t\t\t\t\t\t\t\t\t\t\t<span>\n\t\t\t\t\t\t\t\tQuels sont les d\u00e9lais de livraison ?\t\t\t\t\t\t\t<\/span>\n\t\t\t\t\t\t<\/div>\n\t\t\t\t\t\t<span class=\"wd-accordion-opener wd-opener-style-arrow\"><\/span>\n\t\t\t\t\t<\/div>\n\n\t\t\t\t\t<div class=\"wd-accordion-content reset-last-child\" data-accordion-index=\"0\">\n\t\t\t\t\t\t\t\t\t\t\t\t\t\n\t\t\t\t\t\t\t<p><span class=\"s8\">Le d\u00e9lai<\/span><span class=\"s8\"> de <\/span><span class=\"s8\">livraison standard<\/span> <span class=\"s8\">est de <\/span><span class=\"s10\">24H<\/span> <span class=\"s10\">a 48 H<\/span> <span class=\"s8\">apr\u00e8s confirmation de votre commande, en fonction de votre <\/span><span class=\"s8\">ville <\/span><span class=\"s8\">. Nous faisons notre maximum pour exp\u00e9dier les commandes le plus rapidement possible.<\/span><\/p>\n\t\t\t\t\t\t\t\t\t\t\t\t\t\t\t\t\t\t<\/div>\n\t\t\t\t<\/div>\n\t\t\t\t\t\t\t\n\t\t\t\t<div class=\"wd-accordion-item\">\n\t\t\t\t\t<div class=\"wd-accordion-title text-left wd-opener-pos-left\" data-accordion-index=\"1\">\n\t\t\t\t\t\t<div class=\"wd-accordion-title-text\">\n\t\t\t\t\t\t\t\t\t\t\t\t\t\t<span>\n\t\t\t\t\t\t\t\tComment puis-je suivre ma commande ?\t\t\t\t\t\t\t<\/span>\n\t\t\t\t\t\t<\/div>\n\t\t\t\t\t\t<span class=\"wd-accordion-opener wd-opener-style-arrow\"><\/span>\n\t\t\t\t\t<\/div>\n\n\t\t\t\t\t<div class=\"wd-accordion-content reset-last-child\" data-accordion-index=\"1\">\n\t\t\t\t\t\t\t\t\t\t\t\t\t\n\t\t\t\t\t\t\t<p><span class=\"s8\">Une fois votre commande exp\u00e9di\u00e9e, vous recevrez un e-mail de confirmation contenant un <\/span><span class=\"s10\">num\u00e9ro de suivi<\/span><span class=\"s8\">. <\/span><span class=\"s8\">Notre equipe Gangnambeaute vont vous contacter par appel ou Whatssap pour bien confirmer votre commande .Vous pouvez <\/span><span class=\"s8\">utiliser ce num\u00e9ro pour suivre l'acheminement de votre colis en temps r\u00e9el.<\/span><\/p>\n\t\t\t\t\t\t\t\t\t\t\t\t\t\t\t\t\t\t<\/div>\n\t\t\t\t<\/div>\n\t\t\t\t\t\t\t\n\t\t\t\t<div class=\"wd-accordion-item\">\n\t\t\t\t\t<div class=\"wd-accordion-title text-left wd-opener-pos-left\" data-accordion-index=\"2\">\n\t\t\t\t\t\t<div class=\"wd-accordion-title-text\">\n\t\t\t\t\t\t\t\t\t\t\t\t\t\t<span>\n\t\t\t\t\t\t\t\tQuelles sont les zones desservies par Gangnambeaute au Maroc ?\t\t\t\t\t\t\t<\/span>\n\t\t\t\t\t\t<\/div>\n\t\t\t\t\t\t<span class=\"wd-accordion-opener wd-opener-style-arrow\"><\/span>\n\t\t\t\t\t<\/div>\n\n\t\t\t\t\t<div class=\"wd-accordion-content reset-last-child\" data-accordion-index=\"2\">\n\t\t\t\t\t\t\t\t\t\t\t\t\t\n\t\t\t\t\t\t\t<p class=\"s7\"><span class=\"s8\">Nous livrons partout au Maroc ! Que vous soyez dans les grandes villes ou les r\u00e9gions plus \u00e9loign\u00e9es, nous nous assurons que vos produits cor\u00e9ens pr\u00e9f\u00e9r\u00e9s vous parviennent.<\/span><\/p>\n\t\t\t\t\t\t\t\t\t\t\t\t\t\t\t\t\t\t<\/div>\n\t\t\t\t<\/div>\n\t\t\t\t\t<\/div>\n\t\t\t\t\t\t<\/div>\n\t\t\t\t<\/div>\n\t\t\t\t<\/div>\n\t\t\t\t\t<\/div>\n\t\t\t\t<\/div>\n\t\t<div class=\"elementor-element elementor-element-324b8b6 e-flex e-con-boxed e-con e-parent\" data-id=\"324b8b6\" data-element_type=\"container\" data-e-type=\"container\">\n\t\t\t\t\t<div class=\"e-con-inner\">\n\t\t<div class=\"elementor-element elementor-element-491e4d1 e-con-full e-flex e-con e-child\" data-id=\"491e4d1\" data-element_type=\"container\" data-e-type=\"container\">\n\t\t\t\t<div class=\"elementor-element elementor-element-fc5a922 elementor-widget elementor-widget-image\" data-id=\"fc5a922\" data-element_type=\"widget\" data-e-type=\"widget\" data-widget_type=\"image.default\">\n\t\t\t\t<div class=\"elementor-widget-container\">\n\t\t\t\t\t\t\t\t\t\t\t\t<figure class=\"wp-caption\">\n\t\t\t\t\t\t\t\t\t\t<img decoding=\"async\" width=\"400\" height=\"273\" src=\"https:\/\/gangnambeaute.com\/wp-content\/uploads\/2025\/06\/Screenshot-2025-06-11-at-12.48.54-400x273.png\" class=\"attachment-medium size-medium wp-image-32486\" alt=\"\" srcset=\"https:\/\/gangnambeaute.com\/wp-content\/uploads\/2025\/06\/Screenshot-2025-06-11-at-12.48.54-400x273.png 400w, https:\/\/gangnambeaute.com\/wp-content\/uploads\/2025\/06\/Screenshot-2025-06-11-at-12.48.54-1174x800.png 1174w, https:\/\/gangnambeaute.com\/wp-content\/uploads\/2025\/06\/Screenshot-2025-06-11-at-12.48.54-768x523.png 768w, https:\/\/gangnambeaute.com\/wp-content\/uploads\/2025\/06\/Screenshot-2025-06-11-at-12.48.54-430x293.png 430w, https:\/\/gangnambeaute.com\/wp-content\/uploads\/2025\/06\/Screenshot-2025-06-11-at-12.48.54-700x477.png 700w, https:\/\/gangnambeaute.com\/wp-content\/uploads\/2025\/06\/Screenshot-2025-06-11-at-12.48.54-150x102.png 150w, https:\/\/gangnambeaute.com\/wp-content\/uploads\/2025\/06\/Screenshot-2025-06-11-at-12.48.54.png 1488w\" sizes=\"(max-width: 400px) 100vw, 400px\" \/>\t\t\t\t\t\t\t\t\t\t\t<figcaption class=\"widget-image-caption wp-caption-text\"><\/figcaption>\n\t\t\t\t\t\t\t\t\t\t<\/figure>\n\t\t\t\t\t\t\t\t\t<\/div>\n\t\t\t\t<\/div>\n\t\t\t\t<div class=\"elementor-element elementor-element-c256ea8 elementor-widget elementor-widget-heading\" data-id=\"c256ea8\" data-element_type=\"widget\" data-e-type=\"widget\" data-widget_type=\"heading.default\">\n\t\t\t\t<div class=\"elementor-widget-container\">\n\t\t\t\t\t<h2 class=\"elementor-heading-title elementor-size-default\">CARRI\u00c8RES<\/h2>\t\t\t\t<\/div>\n\t\t\t\t<\/div>\n\t\t\t\t<\/div>\n\t\t<div class=\"elementor-element elementor-element-9c5a672 e-con-full e-flex e-con e-child\" data-id=\"9c5a672\" data-element_type=\"container\" data-e-type=\"container\">\n\t\t\t\t<div class=\"elementor-element elementor-element-0ceb8fa elementor-widget elementor-widget-wd_accordion\" data-id=\"0ceb8fa\" data-element_type=\"widget\" data-e-type=\"widget\" data-widget_type=\"wd_accordion.default\">\n\t\t\t\t<div class=\"elementor-widget-container\">\n\t\t\t\t\t\n\t\t<div class=\"wd-accordion wd-style-simple\" data-state=\"all_closed\">\n\t\t\t\t\t\t\t\n\t\t\t\t<div class=\"wd-accordion-item\">\n\t\t\t\t\t<div class=\"wd-accordion-title text-left wd-opener-pos-left\" data-accordion-index=\"0\">\n\t\t\t\t\t\t<div class=\"wd-accordion-title-text\">\n\t\t\t\t\t\t\t\t\t\t\t\t\t\t<span>\n\t\t\t\t\t\t\t\tComment puis-je postuler pour un emploi ou un stage chez Gangnambeaute ?\t\t\t\t\t\t\t<\/span>\n\t\t\t\t\t\t<\/div>\n\t\t\t\t\t\t<span class=\"wd-accordion-opener wd-opener-style-arrow\"><\/span>\n\t\t\t\t\t<\/div>\n\n\t\t\t\t\t<div class=\"wd-accordion-content reset-last-child\" data-accordion-index=\"0\">\n\t\t\t\t\t\t\t\t\t\t\t\t\t\n\t\t\t\t\t\t\t<p><span class=\"s8\">Nous sommes toujours \u00e0 la recherche de talents passionn\u00e9s par la cosm\u00e9tique cor\u00e9enne ! Vous pouvez consulter nos offres d'emploi actuelles sur notre page \"<\/span><span class=\"s8\">\u0627\u0644\u062a\u0648\u0638\u064a\u0641 \/ \u0627\u0644\u0645\u0646\u0627\u0635\u0628 \u0627\u0644\u0645\u0637\u0644\u0648\u0628 \u0634\u063a\u0644\u0647\u0627<\/span><span class=\"s8\">\" ou nous envoyer votre candidature spontan\u00e9e \u00e0 l'adresse e-mail suiv<\/span><span class=\"s8\">ante : <\/span><span class=\"s8\">Recrutement@gangnambeaute.com<\/span><\/p>\n\t\t\t\t\t\t\t\t\t\t\t\t\t\t\t\t\t\t<\/div>\n\t\t\t\t<\/div>\n\t\t\t\t\t\t\t\n\t\t\t\t<div class=\"wd-accordion-item\">\n\t\t\t\t\t<div class=\"wd-accordion-title text-left wd-opener-pos-left\" data-accordion-index=\"1\">\n\t\t\t\t\t\t<div class=\"wd-accordion-title-text\">\n\t\t\t\t\t\t\t\t\t\t\t\t\t\t<span>\n\t\t\t\t\t\t\t\t\u00cates-vous ouverts aux partenariats ou collaborations avec des influenceurs\/blogueurs ?\t\t\t\t\t\t\t<\/span>\n\t\t\t\t\t\t<\/div>\n\t\t\t\t\t\t<span class=\"wd-accordion-opener wd-opener-style-arrow\"><\/span>\n\t\t\t\t\t<\/div>\n\n\t\t\t\t\t<div class=\"wd-accordion-content reset-last-child\" data-accordion-index=\"1\">\n\t\t\t\t\t\t\t\t\t\t\t\t\t\n\t\t\t\t\t\t\t<p><span class=\"s8\">Nous sommes toujours ravis d'explorer de nouvelles collaborations avec des passionn\u00e9s de cosm\u00e9tiques cor\u00e9ens et des influenceurs bas\u00e9s au Maroc. Si vous souhaitez collaborer avec Gangnambeaute, veuillez nous envoyer votre proposition et votre kit m\u00e9dia \u00e0 <\/span><a href=\"mailto:contact@gangnambeaute.com\"><span class=\"s8\">contact@gangnambeaute.com<\/span><\/a><span class=\"s8\">.<\/span><\/p>\n\t\t\t\t\t\t\t\t\t\t\t\t\t\t\t\t\t\t<\/div>\n\t\t\t\t<\/div>\n\t\t\t\t\t<\/div>\n\t\t\t\t\t\t<\/div>\n\t\t\t\t<\/div>\n\t\t\t\t<\/div>\n\t\t\t\t\t<\/div>\n\t\t\t\t<\/div>\n\t\t\t\t<\/div>","protected":false},"excerpt":{"rendered":"<p>Aide : les questions les plus fr\u00e9quentes Trouvez les r\u00e9ponses que vous cherchez parmi les th\u00e9matiques suivantes : NOS PRODUITS<\/p>","protected":false},"author":8,"featured_media":0,"parent":0,"menu_order":0,"comment_status":"closed","ping_status":"closed","template":"","meta":{"footnotes":""},"class_list":["post-28386","page","type-page","status-publish","hentry"],"_links":{"self":[{"href":"https:\/\/gangnambeaute.com\/ar\/wp-json\/wp\/v2\/pages\/28386","targetHints":{"allow":["GET"]}}],"collection":[{"href":"https:\/\/gangnambeaute.com\/ar\/wp-json\/wp\/v2\/pages"}],"about":[{"href":"https:\/\/gangnambeaute.com\/ar\/wp-json\/wp\/v2\/types\/page"}],"author":[{"embeddable":true,"href":"https:\/\/gangnambeaute.com\/ar\/wp-json\/wp\/v2\/users\/8"}],"replies":[{"embeddable":true,"href":"https:\/\/gangnambeaute.com\/ar\/wp-json\/wp\/v2\/comments?post=28386"}],"version-history":[{"count":63,"href":"https:\/\/gangnambeaute.com\/ar\/wp-json\/wp\/v2\/pages\/28386\/revisions"}],"predecessor-version":[{"id":35115,"href":"https:\/\/gangnambeaute.com\/ar\/wp-json\/wp\/v2\/pages\/28386\/revisions\/35115"}],"wp:attachment":[{"href":"https:\/\/gangnambeaute.com\/ar\/wp-json\/wp\/v2\/media?parent=28386"}],"curies":[{"name":"wp","href":"https:\/\/api.w.org\/{rel}","templated":true}]}}